{"id":6963,"date":"2026-03-04T06:23:56","date_gmt":"2026-03-04T06:23:56","guid":{"rendered":"https:\/\/welcome-prints.com\/?post_type=product&#038;p=6963"},"modified":"2026-04-09T18:56:12","modified_gmt":"2026-04-09T18:56:12","slug":"la-libellule","status":"publish","type":"product","link":"https:\/\/welcome-prints.com\/en\/produit\/la-libellule\/","title":{"rendered":"la libellule."},"content":{"rendered":"<p>Estampe non num\u00e9rot\u00e9e. technique gravure sur rodo\u00efd. aquawash Bleu de Prusse. Tirage m\u00e9canique sur presse.<\/p>\n","protected":false},"excerpt":{"rendered":"<p>Estampe non num\u00e9rot\u00e9e. technique gravure sur rodo\u00efd. aquawash Bleu de Prusse. Tirage m\u00e9canique sur presse.<\/p>\n","protected":false},"featured_media":6964,"template":"","meta":{"_acf_changed":false},"product_brand":[],"product_cat":[291,196,333,215,200,192],"product_tag":[],"class_list":{"0":"post-6963","1":"product","2":"type-product","3":"status-publish","4":"has-post-thumbnail","6":"product_cat-291","7":"product_cat-france","8":"product_cat-jean-clair","9":"product_cat-moyen","10":"product_cat-portrait","11":"product_cat-un-artiste","13":"first","14":"instock","15":"shipping-taxable","16":"purchasable","17":"product-type-simple"},"acf":[],"_links":{"self":[{"href":"https:\/\/welcome-prints.com\/en\/wp-json\/wp\/v2\/product\/6963","targetHints":{"allow":["GET"]}}],"collection":[{"href":"https:\/\/welcome-prints.com\/en\/wp-json\/wp\/v2\/product"}],"about":[{"href":"https:\/\/welcome-prints.com\/en\/wp-json\/wp\/v2\/types\/product"}],"wp:featuredmedia":[{"embeddable":true,"href":"https:\/\/welcome-prints.com\/en\/wp-json\/wp\/v2\/media\/6964"}],"wp:attachment":[{"href":"https:\/\/welcome-prints.com\/en\/wp-json\/wp\/v2\/media?parent=6963"}],"wp:term":[{"taxonomy":"product_brand","embeddable":true,"href":"https:\/\/welcome-prints.com\/en\/wp-json\/wp\/v2\/product_brand?post=6963"},{"taxonomy":"product_cat","embeddable":true,"href":"https:\/\/welcome-prints.com\/en\/wp-json\/wp\/v2\/product_cat?post=6963"},{"taxonomy":"product_tag","embeddable":true,"href":"https:\/\/welcome-prints.com\/en\/wp-json\/wp\/v2\/product_tag?post=6963"}],"curies":[{"name":"wp","href":"https:\/\/api.w.org\/{rel}","templated":true}]}}