{"id":6954,"date":"2026-03-02T10:44:17","date_gmt":"2026-03-02T10:44:17","guid":{"rendered":"https:\/\/welcome-prints.com\/produit\/indomptable-reussite\/"},"modified":"2026-04-09T17:06:15","modified_gmt":"2026-04-09T17:06:15","slug":"indomptable-reussite","status":"publish","type":"product","link":"https:\/\/welcome-prints.com\/en\/produit\/indomptable-reussite\/","title":{"rendered":"Indomptable r\u00e9ussite"},"content":{"rendered":"<p>Cette gravure est une affirmation :<br \/>\n La libert\u00e9 f\u00e9minine n\u2019est pas domestique.<br \/>\nElle s\u2019adresse \u00e0 celles qui ont r\u00e9ussi \u2014 et qui sentent pourtant que la vraie puissance ne se mesure ni \u00e0 l\u2019argent ni au regard des autres.<br \/>\n\u00c0 celles qui veulent se rappeler qu\u2019on peut \u00eatre vuln\u00e9rable et indomptable \u00e0 la fois.<\/p>\n<p>tir\u00e9e \u00e0 10 exemplaires.<\/p>\n<p>Apr\u00e8s des ann\u00e9es de boh\u00e8me, Suzanne Valadon commence \u00e0 percer.<br \/>\nSon talent est reconnu. Elle engrange ses premiers cachets.<br \/>\nElle ne peut alors pas contenir son d\u00e9sir de d\u00e9penser.<br \/>\nLes peaux de b\u00eates se font de plus en plus encombrantes.<br \/>\nElles envahissent son espace, la traque jusqu\u2019\u00e0 dans l\u2019intimit\u00e9 de son lit.<br \/>\nLa nuit, elle r\u00eave qu\u2019elle est une panth\u00e8re sauvage en cavale qui tente en vain de fuir ceux qui la traquent sans rel\u00e2che.<br \/>\nElle pensait que le succ\u00e8s renforcerait sa libert\u00e9 sauvage.<br \/>\nPourtant, elle se sent plus que jamais coinc\u00e9, prisonni\u00e8re des attentes des autres : ses m\u00e9c\u00e8nes, ses amants, ses amis et jusqu\u2019\u00e0 sa propre famille.<br \/>\nElle n\u2019a qu\u2019une crainte : devenir la femme qu\u2019ils pensent reconna\u00eetre.<br \/>\nEt cela lui p\u00e8se. Pire, \u00e7a la ronge.<br \/>\nAlors, pour retrouver sa puissance, elle se r\u00e9fugie dans la consommation ostentatoire.<br \/>\nCela la soulage et lui rappelle que : la vraie sauvagerie, ce n\u2019est pas la nature, c\u2019est la civilisation !<br \/>\nAlors, elle ach\u00e8te des fourrures pour pr\u00e9server son ind\u00e9pendance.  <\/p>\n<p>Elle ach\u00e8te des fourrures pour rappeler \u00e0 ceux qui voudraient la faire rentrer dans le rang que sa r\u00e9ussite est indomptable !<\/p>\n","protected":false},"excerpt":{"rendered":"<p>Cette gravure est une affirmation : La libert\u00e9 f\u00e9minine n\u2019est pas domestique. Elle s\u2019adresse \u00e0 celles qui ont r\u00e9ussi \u2014 et qui sentent pourtant que la vraie puissance ne se mesure ni \u00e0 l\u2019argent ni au regard des autres. \u00c0 celles qui veulent se rappeler qu\u2019on peut \u00eatre vuln\u00e9rable et indomptable \u00e0 la fois. tir\u00e9e [&hellip;]<\/p>\n","protected":false},"featured_media":6948,"template":"","meta":{"_acf_changed":false},"product_brand":[],"product_cat":[212,214,200],"product_tag":[],"class_list":{"0":"post-6954","1":"product","2":"type-product","3":"status-publish","4":"has-post-thumbnail","6":"product_cat-212","7":"product_cat-petit","8":"product_cat-portrait","10":"first","11":"instock","12":"shipping-taxable","13":"purchasable","14":"product-type-simple"},"acf":[],"_links":{"self":[{"href":"https:\/\/welcome-prints.com\/en\/wp-json\/wp\/v2\/product\/6954","targetHints":{"allow":["GET"]}}],"collection":[{"href":"https:\/\/welcome-prints.com\/en\/wp-json\/wp\/v2\/product"}],"about":[{"href":"https:\/\/welcome-prints.com\/en\/wp-json\/wp\/v2\/types\/product"}],"wp:featuredmedia":[{"embeddable":true,"href":"https:\/\/welcome-prints.com\/en\/wp-json\/wp\/v2\/media\/6948"}],"wp:attachment":[{"href":"https:\/\/welcome-prints.com\/en\/wp-json\/wp\/v2\/media?parent=6954"}],"wp:term":[{"taxonomy":"product_brand","embeddable":true,"href":"https:\/\/welcome-prints.com\/en\/wp-json\/wp\/v2\/product_brand?post=6954"},{"taxonomy":"product_cat","embeddable":true,"href":"https:\/\/welcome-prints.com\/en\/wp-json\/wp\/v2\/product_cat?post=6954"},{"taxonomy":"product_tag","embeddable":true,"href":"https:\/\/welcome-prints.com\/en\/wp-json\/wp\/v2\/product_tag?post=6954"}],"curies":[{"name":"wp","href":"https:\/\/api.w.org\/{rel}","templated":true}]}}