{"id":6932,"date":"2026-02-12T16:49:36","date_gmt":"2026-02-12T16:49:36","guid":{"rendered":"https:\/\/welcome-prints.com\/produit\/bles\/"},"modified":"2026-04-10T03:34:40","modified_gmt":"2026-04-10T03:34:40","slug":"bles","status":"publish","type":"product","link":"https:\/\/welcome-prints.com\/en\/produit\/bles\/","title":{"rendered":"BL\u00c9S"},"content":{"rendered":"<p>Exemplaire 5\/14<\/p>\n<p>Lithographie originale sur papier BFK Rives 250g.<br \/>\nImprim\u00e9e par l\u2019artiste en 14 exemplaires.<br \/>\n38&#215;57<\/p>\n<p>Sign\u00e9e et num\u00e9rot\u00e9e par l\u2019artiste<br \/>\nUn certificat d\u2019authentification est possible, une signature avec un sceau peut \u00e9galement \u00eatre choisie.<\/p>\n","protected":false},"excerpt":{"rendered":"<p>Exemplaire 5\/14 Lithographie originale sur papier BFK Rives 250g. Imprim\u00e9e par l\u2019artiste en 14 exemplaires. 38&#215;57 Sign\u00e9e et num\u00e9rot\u00e9e par l\u2019artiste Un certificat d\u2019authentification est possible, une signature avec un sceau peut \u00e9galement \u00eatre choisie.<\/p>\n","protected":false},"featured_media":6926,"template":"","meta":{"_acf_changed":false},"product_brand":[],"product_cat":[223,196,216,204,200],"product_tag":[],"class_list":{"0":"post-6932","1":"product","2":"type-product","3":"status-publish","4":"has-post-thumbnail","6":"product_cat-223","7":"product_cat-france","8":"product_cat-grand","9":"product_cat-lithographie","10":"product_cat-portrait","12":"first","13":"instock","14":"shipping-taxable","15":"purchasable","16":"product-type-simple"},"acf":[],"_links":{"self":[{"href":"https:\/\/welcome-prints.com\/en\/wp-json\/wp\/v2\/product\/6932","targetHints":{"allow":["GET"]}}],"collection":[{"href":"https:\/\/welcome-prints.com\/en\/wp-json\/wp\/v2\/product"}],"about":[{"href":"https:\/\/welcome-prints.com\/en\/wp-json\/wp\/v2\/types\/product"}],"wp:featuredmedia":[{"embeddable":true,"href":"https:\/\/welcome-prints.com\/en\/wp-json\/wp\/v2\/media\/6926"}],"wp:attachment":[{"href":"https:\/\/welcome-prints.com\/en\/wp-json\/wp\/v2\/media?parent=6932"}],"wp:term":[{"taxonomy":"product_brand","embeddable":true,"href":"https:\/\/welcome-prints.com\/en\/wp-json\/wp\/v2\/product_brand?post=6932"},{"taxonomy":"product_cat","embeddable":true,"href":"https:\/\/welcome-prints.com\/en\/wp-json\/wp\/v2\/product_cat?post=6932"},{"taxonomy":"product_tag","embeddable":true,"href":"https:\/\/welcome-prints.com\/en\/wp-json\/wp\/v2\/product_tag?post=6932"}],"curies":[{"name":"wp","href":"https:\/\/api.w.org\/{rel}","templated":true}]}}