{"id":6923,"date":"2026-02-12T16:19:36","date_gmt":"2026-02-12T16:19:36","guid":{"rendered":"https:\/\/welcome-prints.com\/produit\/appart-a-paris\/"},"modified":"2026-04-09T19:21:09","modified_gmt":"2026-04-09T19:21:09","slug":"appart-a-paris","status":"publish","type":"product","link":"https:\/\/welcome-prints.com\/en\/produit\/appart-a-paris\/","title":{"rendered":"APPART \u00c0 PARIS"},"content":{"rendered":"<p>Exemplaire 3\/10<\/p>\n<p>Lithographie originale sur papier BFK Rives 250g<br \/>\nImprim\u00e9e par l\u2019artiste en 10 exemplaires<br \/>\n38&#215;54<\/p>\n<p>Sign\u00e9e et num\u00e9rot\u00e9e par l\u2019artiste<\/p>\n<p>Un certificat d\u2019authentification est possible, une signature avec un sceau peut \u00e9galement \u00eatre choisie.<\/p>\n","protected":false},"excerpt":{"rendered":"<p>Exemplaire 3\/10 Lithographie originale sur papier BFK Rives 250g Imprim\u00e9e par l\u2019artiste en 10 exemplaires 38&#215;54 Sign\u00e9e et num\u00e9rot\u00e9e par l\u2019artiste Un certificat d\u2019authentification est possible, une signature avec un sceau peut \u00e9galement \u00eatre choisie.<\/p>\n","protected":false},"featured_media":6917,"template":"","meta":{"_acf_changed":false},"product_brand":[],"product_cat":[212,196,216,204,200],"product_tag":[],"class_list":{"0":"post-6923","1":"product","2":"type-product","3":"status-publish","4":"has-post-thumbnail","6":"product_cat-212","7":"product_cat-france","8":"product_cat-grand","9":"product_cat-lithographie","10":"product_cat-portrait","12":"first","13":"instock","14":"shipping-taxable","15":"purchasable","16":"product-type-simple"},"acf":[],"_links":{"self":[{"href":"https:\/\/welcome-prints.com\/en\/wp-json\/wp\/v2\/product\/6923","targetHints":{"allow":["GET"]}}],"collection":[{"href":"https:\/\/welcome-prints.com\/en\/wp-json\/wp\/v2\/product"}],"about":[{"href":"https:\/\/welcome-prints.com\/en\/wp-json\/wp\/v2\/types\/product"}],"wp:featuredmedia":[{"embeddable":true,"href":"https:\/\/welcome-prints.com\/en\/wp-json\/wp\/v2\/media\/6917"}],"wp:attachment":[{"href":"https:\/\/welcome-prints.com\/en\/wp-json\/wp\/v2\/media?parent=6923"}],"wp:term":[{"taxonomy":"product_brand","embeddable":true,"href":"https:\/\/welcome-prints.com\/en\/wp-json\/wp\/v2\/product_brand?post=6923"},{"taxonomy":"product_cat","embeddable":true,"href":"https:\/\/welcome-prints.com\/en\/wp-json\/wp\/v2\/product_cat?post=6923"},{"taxonomy":"product_tag","embeddable":true,"href":"https:\/\/welcome-prints.com\/en\/wp-json\/wp\/v2\/product_tag?post=6923"}],"curies":[{"name":"wp","href":"https:\/\/api.w.org\/{rel}","templated":true}]}}