{"id":6906,"date":"2026-02-11T18:27:03","date_gmt":"2026-02-11T18:27:03","guid":{"rendered":"https:\/\/welcome-prints.com\/produit\/busan\/"},"modified":"2026-04-09T23:12:56","modified_gmt":"2026-04-09T23:12:56","slug":"busan","status":"publish","type":"product","link":"https:\/\/welcome-prints.com\/en\/produit\/busan\/","title":{"rendered":"BUSAN"},"content":{"rendered":"<p>Exemplaire 3\/6<\/p>\n<p>Lithographie originale en trois couleurs sur papier BFK Rives 250g, sign\u00e9e avec un sceau.<br \/>\nImprim\u00e9e par l\u2019artiste en 6 exemplaires.<br \/>\n31&#215;40<br \/>\nSign\u00e9e et num\u00e9rot\u00e9e par l\u2019artiste.<\/p>\n<p>[Grands tirages x6 exemplaires sur papier BFK Rives 38&#215;56 disponibles \u00e9galement]<\/p>\n<p>Un certificat d\u2019authentification est possible.<\/p>\n","protected":false},"excerpt":{"rendered":"<p>Exemplaire 3\/6 Lithographie originale en trois couleurs sur papier BFK Rives 250g, sign\u00e9e avec un sceau. Imprim\u00e9e par l\u2019artiste en 6 exemplaires. 31&#215;40 Sign\u00e9e et num\u00e9rot\u00e9e par l\u2019artiste. [Grands tirages x6 exemplaires sur papier BFK Rives 38&#215;56 disponibles \u00e9galement] Un certificat d\u2019authentification est possible.<\/p>\n","protected":false},"featured_media":6900,"template":"","meta":{"_acf_changed":false},"product_brand":[],"product_cat":[196,204,215,200],"product_tag":[],"class_list":{"0":"post-6906","1":"product","2":"type-product","3":"status-publish","4":"has-post-thumbnail","6":"product_cat-france","7":"product_cat-lithographie","8":"product_cat-moyen","9":"product_cat-portrait","11":"first","12":"instock","13":"shipping-taxable","14":"purchasable","15":"product-type-simple"},"acf":[],"_links":{"self":[{"href":"https:\/\/welcome-prints.com\/en\/wp-json\/wp\/v2\/product\/6906","targetHints":{"allow":["GET"]}}],"collection":[{"href":"https:\/\/welcome-prints.com\/en\/wp-json\/wp\/v2\/product"}],"about":[{"href":"https:\/\/welcome-prints.com\/en\/wp-json\/wp\/v2\/types\/product"}],"wp:featuredmedia":[{"embeddable":true,"href":"https:\/\/welcome-prints.com\/en\/wp-json\/wp\/v2\/media\/6900"}],"wp:attachment":[{"href":"https:\/\/welcome-prints.com\/en\/wp-json\/wp\/v2\/media?parent=6906"}],"wp:term":[{"taxonomy":"product_brand","embeddable":true,"href":"https:\/\/welcome-prints.com\/en\/wp-json\/wp\/v2\/product_brand?post=6906"},{"taxonomy":"product_cat","embeddable":true,"href":"https:\/\/welcome-prints.com\/en\/wp-json\/wp\/v2\/product_cat?post=6906"},{"taxonomy":"product_tag","embeddable":true,"href":"https:\/\/welcome-prints.com\/en\/wp-json\/wp\/v2\/product_tag?post=6906"}],"curies":[{"name":"wp","href":"https:\/\/api.w.org\/{rel}","templated":true}]}}