{"id":6895,"date":"2026-02-10T09:56:05","date_gmt":"2026-02-10T09:56:05","guid":{"rendered":"https:\/\/welcome-prints.com\/produit\/etre-avec-toi\/"},"modified":"2026-04-09T19:20:02","modified_gmt":"2026-04-09T19:20:02","slug":"etre-avec-toi","status":"publish","type":"product","link":"https:\/\/welcome-prints.com\/en\/produit\/etre-avec-toi\/","title":{"rendered":"\u00caTRE AVEC TOI"},"content":{"rendered":"<p>Exemplaire 2\/22<\/p>\n<p>Lithographie originale en deux couleurs sur papier BFK Rives 250g<br \/>\nImprim\u00e9e par l\u2019artiste en 22 exemplaires<br \/>\n19\u00d725<br \/>\nSign\u00e9e et num\u00e9rot\u00e9e par l\u2019artiste<\/p>\n<p>Un certificat d\u2019authentification est possible, une signature avec un sceau peut \u00e9galement \u00eatre choisie.<\/p>\n","protected":false},"excerpt":{"rendered":"<p>Exemplaire 2\/22 Lithographie originale en deux couleurs sur papier BFK Rives 250g Imprim\u00e9e par l\u2019artiste en 22 exemplaires 19\u00d725 Sign\u00e9e et num\u00e9rot\u00e9e par l\u2019artiste Un certificat d\u2019authentification est possible, une signature avec un sceau peut \u00e9galement \u00eatre choisie.<\/p>\n","protected":false},"featured_media":6889,"template":"","meta":{"_acf_changed":false},"product_brand":[],"product_cat":[196,204,215,200],"product_tag":[],"class_list":{"0":"post-6895","1":"product","2":"type-product","3":"status-publish","4":"has-post-thumbnail","6":"product_cat-france","7":"product_cat-lithographie","8":"product_cat-moyen","9":"product_cat-portrait","11":"first","12":"instock","13":"shipping-taxable","14":"purchasable","15":"product-type-simple"},"acf":[],"_links":{"self":[{"href":"https:\/\/welcome-prints.com\/en\/wp-json\/wp\/v2\/product\/6895","targetHints":{"allow":["GET"]}}],"collection":[{"href":"https:\/\/welcome-prints.com\/en\/wp-json\/wp\/v2\/product"}],"about":[{"href":"https:\/\/welcome-prints.com\/en\/wp-json\/wp\/v2\/types\/product"}],"wp:featuredmedia":[{"embeddable":true,"href":"https:\/\/welcome-prints.com\/en\/wp-json\/wp\/v2\/media\/6889"}],"wp:attachment":[{"href":"https:\/\/welcome-prints.com\/en\/wp-json\/wp\/v2\/media?parent=6895"}],"wp:term":[{"taxonomy":"product_brand","embeddable":true,"href":"https:\/\/welcome-prints.com\/en\/wp-json\/wp\/v2\/product_brand?post=6895"},{"taxonomy":"product_cat","embeddable":true,"href":"https:\/\/welcome-prints.com\/en\/wp-json\/wp\/v2\/product_cat?post=6895"},{"taxonomy":"product_tag","embeddable":true,"href":"https:\/\/welcome-prints.com\/en\/wp-json\/wp\/v2\/product_tag?post=6895"}],"curies":[{"name":"wp","href":"https:\/\/api.w.org\/{rel}","templated":true}]}}