{"id":6882,"date":"2026-02-09T09:34:10","date_gmt":"2026-02-09T09:34:10","guid":{"rendered":"https:\/\/welcome-prints.com\/produit\/la-poupee-abandonnee\/"},"modified":"2026-04-09T15:17:33","modified_gmt":"2026-04-09T15:17:33","slug":"la-poupee-abandonnee","status":"publish","type":"product","link":"https:\/\/welcome-prints.com\/en\/produit\/la-poupee-abandonnee\/","title":{"rendered":"La poup\u00e9e abandonn\u00e9e"},"content":{"rendered":"<p>Cette \u0153uvre parle de ce moment fragile<br \/>\n o\u00f9 l\u2019on n\u2019est plus tout \u00e0 fait enfant,<br \/>\n pas encore tout \u00e0 fait adulte.<br \/>\nElle parle de la poup\u00e9e que l\u2019on abandonne,<br \/>\n et du lien qui reste.<br \/>\n De ces femmes de l\u2019ombre \u2014 m\u00e8res, marraines, alli\u00e9es \u2014<br \/>\n qui veillent sans bruit.<br \/>\nPour celles et ceux<br \/>\n qui portent encore en eux plusieurs \u00e2ges,<br \/>\n et savent que l\u2019ind\u00e9pendance<br \/>\n n\u2019efface jamais la tendresse.<\/p>\n","protected":false},"excerpt":{"rendered":"<p>Cette \u0153uvre parle de ce moment fragile o\u00f9 l\u2019on n\u2019est plus tout \u00e0 fait enfant, pas encore tout \u00e0 fait adulte. Elle parle de la poup\u00e9e que l\u2019on abandonne, et du lien qui reste. De ces femmes de l\u2019ombre \u2014 m\u00e8res, marraines, alli\u00e9es \u2014 qui veillent sans bruit. Pour celles et ceux qui portent encore [&hellip;]<\/p>\n","protected":false},"featured_media":6874,"template":"","meta":{"_acf_changed":false},"product_brand":[],"product_cat":[212,196,241,228,214,200],"product_tag":[],"class_list":{"0":"post-6882","1":"product","2":"type-product","3":"status-publish","4":"has-post-thumbnail","6":"product_cat-212","7":"product_cat-france","8":"product_cat-laura-loriers","9":"product_cat-linogravure","10":"product_cat-petit","11":"product_cat-portrait","13":"first","14":"instock","15":"sold-individually","16":"shipping-taxable","17":"purchasable","18":"product-type-simple"},"acf":[],"_links":{"self":[{"href":"https:\/\/welcome-prints.com\/en\/wp-json\/wp\/v2\/product\/6882","targetHints":{"allow":["GET"]}}],"collection":[{"href":"https:\/\/welcome-prints.com\/en\/wp-json\/wp\/v2\/product"}],"about":[{"href":"https:\/\/welcome-prints.com\/en\/wp-json\/wp\/v2\/types\/product"}],"wp:featuredmedia":[{"embeddable":true,"href":"https:\/\/welcome-prints.com\/en\/wp-json\/wp\/v2\/media\/6874"}],"wp:attachment":[{"href":"https:\/\/welcome-prints.com\/en\/wp-json\/wp\/v2\/media?parent=6882"}],"wp:term":[{"taxonomy":"product_brand","embeddable":true,"href":"https:\/\/welcome-prints.com\/en\/wp-json\/wp\/v2\/product_brand?post=6882"},{"taxonomy":"product_cat","embeddable":true,"href":"https:\/\/welcome-prints.com\/en\/wp-json\/wp\/v2\/product_cat?post=6882"},{"taxonomy":"product_tag","embeddable":true,"href":"https:\/\/welcome-prints.com\/en\/wp-json\/wp\/v2\/product_tag?post=6882"}],"curies":[{"name":"wp","href":"https:\/\/api.w.org\/{rel}","templated":true}]}}