{"id":6873,"date":"2026-02-05T16:55:56","date_gmt":"2026-02-05T16:55:56","guid":{"rendered":"https:\/\/welcome-prints.com\/produit\/elle-a-menti\/"},"modified":"2026-04-09T21:06:15","modified_gmt":"2026-04-09T21:06:15","slug":"elle-a-menti","status":"publish","type":"product","link":"https:\/\/welcome-prints.com\/en\/produit\/elle-a-menti\/","title":{"rendered":"ELLE A MENTI"},"content":{"rendered":"<p>Exemplaire 2\/22<\/p>\n<p>Lithographie originale en deux couleurs sur papier BFK Rives 250g<br \/>\nImprim\u00e9e par l\u2019artiste en 22 exemplaires<br \/>\n19&#215;25<br \/>\nSign\u00e9e et num\u00e9rot\u00e9e par l\u2019artiste<\/p>\n<p>Un certificat d\u2019authentification est possible, une signature avec un sceau peut \u00e9galement \u00eatre choisie.<\/p>\n","protected":false},"excerpt":{"rendered":"<p>Exemplaire 2\/22 Lithographie originale en deux couleurs sur papier BFK Rives 250g Imprim\u00e9e par l\u2019artiste en 22 exemplaires 19&#215;25 Sign\u00e9e et num\u00e9rot\u00e9e par l\u2019artiste Un certificat d\u2019authentification est possible, une signature avec un sceau peut \u00e9galement \u00eatre choisie.<\/p>\n","protected":false},"featured_media":6883,"template":"","meta":{"_acf_changed":false},"product_brand":[],"product_cat":[291,204,215,200],"product_tag":[],"class_list":{"0":"post-6873","1":"product","2":"type-product","3":"status-publish","4":"has-post-thumbnail","6":"product_cat-291","7":"product_cat-lithographie","8":"product_cat-moyen","9":"product_cat-portrait","11":"first","12":"instock","13":"shipping-taxable","14":"purchasable","15":"product-type-simple"},"acf":[],"_links":{"self":[{"href":"https:\/\/welcome-prints.com\/en\/wp-json\/wp\/v2\/product\/6873","targetHints":{"allow":["GET"]}}],"collection":[{"href":"https:\/\/welcome-prints.com\/en\/wp-json\/wp\/v2\/product"}],"about":[{"href":"https:\/\/welcome-prints.com\/en\/wp-json\/wp\/v2\/types\/product"}],"wp:featuredmedia":[{"embeddable":true,"href":"https:\/\/welcome-prints.com\/en\/wp-json\/wp\/v2\/media\/6883"}],"wp:attachment":[{"href":"https:\/\/welcome-prints.com\/en\/wp-json\/wp\/v2\/media?parent=6873"}],"wp:term":[{"taxonomy":"product_brand","embeddable":true,"href":"https:\/\/welcome-prints.com\/en\/wp-json\/wp\/v2\/product_brand?post=6873"},{"taxonomy":"product_cat","embeddable":true,"href":"https:\/\/welcome-prints.com\/en\/wp-json\/wp\/v2\/product_cat?post=6873"},{"taxonomy":"product_tag","embeddable":true,"href":"https:\/\/welcome-prints.com\/en\/wp-json\/wp\/v2\/product_tag?post=6873"}],"curies":[{"name":"wp","href":"https:\/\/api.w.org\/{rel}","templated":true}]}}