{"id":6804,"date":"2026-01-22T10:20:37","date_gmt":"2026-01-22T10:20:37","guid":{"rendered":"https:\/\/welcome-prints.com\/produit\/desirer-son-apres\/"},"modified":"2026-04-09T23:14:15","modified_gmt":"2026-04-09T23:14:15","slug":"desirer-son-apres","status":"publish","type":"product","link":"https:\/\/welcome-prints.com\/en\/produit\/desirer-son-apres\/","title":{"rendered":"D\u00e9sirer son apr\u00e8s"},"content":{"rendered":"<p>Cette gravure est une lettre adress\u00e9e au futur.<br \/>\nComme Valadon, elle parle \u00e0 la femme que l\u2019on deviendra, celle \u00e0 qui l\u2019on murmure : ne me d\u00e9\u00e7ois pas.<br \/>\nPoss\u00e9der cette \u0153uvre, c\u2019est choisir de croire \u2014 malgr\u00e9 tout \u2014 que croire en soi est d\u00e9j\u00e0 un acte de courage.<\/p>\n<p>Tir\u00e9e en 10 exemplaires.<br \/>\n__________________<\/p>\n<p>Quand je me sens perdue, je parle \u00e0 la femme que je voudrais \u00eatre dans 30 ans. <\/p>\n<p>Je ne suis pas la seule, Valadon aussi faisait cela.<br \/>\nElle signe ici son premier autoportrait qu&#8217;elle nomme Suzanne.<br \/>\nElle le garde pr\u00e9cieusement pour se rappeler :<br \/>\ncroire en son avenir est un acte de courage.<\/p>\n<p>A l\u2019\u00e9poque, elle est la ma\u00eetresse de Toulouse Lautrec, mais il ne veut pas l\u2019\u00e9pouser.<br \/>\nQu\u2019importe. Elle, elle commence enfin \u00e0 s\u2019aimer.<\/p>\n<p>Les autres ne voient encore que sa beaut\u00e9 mais elle sent d\u00e9j\u00e0 l\u2019intensit\u00e9 de son feu int\u00e9rieur.<br \/>\nDans quelques ann\u00e9es, nos yeux se poseront sur son regard ac\u00e9r\u00e9s et on dira qu\u2019elle \u00e9tait visionnaire ! <\/p>\n<p>Derri\u00e8re la pose provocante, il y a une promesse presque un d\u00e9fi.<br \/>\nCe portrait ne s&#8217;adresse pas \u00e0 nous, il s&#8217;adresse \u00e0 elle-m\u00eame, \u00e0 la femme qu\u2019elle deviendra dans 30 ans. <\/p>\n<p>Son regard murmure \u00ab ne me d\u00e9\u00e7ois pas \u00bb. <\/p>\n<p>Et vous ?<br \/>\nQuel message voulez-vous glisser dans un coffret \u00e0 souvenirs pour vous red\u00e9couvrir dans 30 ans ?<\/p>\n","protected":false},"excerpt":{"rendered":"<p>Cette gravure est une lettre adress\u00e9e au futur. Comme Valadon, elle parle \u00e0 la femme que l\u2019on deviendra, celle \u00e0 qui l\u2019on murmure : ne me d\u00e9\u00e7ois pas. Poss\u00e9der cette \u0153uvre, c\u2019est choisir de croire \u2014 malgr\u00e9 tout \u2014 que croire en soi est d\u00e9j\u00e0 un acte de courage. Tir\u00e9e en 10 exemplaires. __________________ Quand [&hellip;]<\/p>\n","protected":false},"featured_media":6800,"template":"","meta":{"_acf_changed":false},"product_brand":[],"product_cat":[226,196,241,228,214,200],"product_tag":[],"class_list":{"0":"post-6804","1":"product","2":"type-product","3":"status-publish","4":"has-post-thumbnail","6":"product_cat-226","7":"product_cat-france","8":"product_cat-laura-loriers","9":"product_cat-linogravure","10":"product_cat-petit","11":"product_cat-portrait","13":"first","14":"instock","15":"shipping-taxable","16":"purchasable","17":"product-type-simple"},"acf":[],"_links":{"self":[{"href":"https:\/\/welcome-prints.com\/en\/wp-json\/wp\/v2\/product\/6804","targetHints":{"allow":["GET"]}}],"collection":[{"href":"https:\/\/welcome-prints.com\/en\/wp-json\/wp\/v2\/product"}],"about":[{"href":"https:\/\/welcome-prints.com\/en\/wp-json\/wp\/v2\/types\/product"}],"wp:featuredmedia":[{"embeddable":true,"href":"https:\/\/welcome-prints.com\/en\/wp-json\/wp\/v2\/media\/6800"}],"wp:attachment":[{"href":"https:\/\/welcome-prints.com\/en\/wp-json\/wp\/v2\/media?parent=6804"}],"wp:term":[{"taxonomy":"product_brand","embeddable":true,"href":"https:\/\/welcome-prints.com\/en\/wp-json\/wp\/v2\/product_brand?post=6804"},{"taxonomy":"product_cat","embeddable":true,"href":"https:\/\/welcome-prints.com\/en\/wp-json\/wp\/v2\/product_cat?post=6804"},{"taxonomy":"product_tag","embeddable":true,"href":"https:\/\/welcome-prints.com\/en\/wp-json\/wp\/v2\/product_tag?post=6804"}],"curies":[{"name":"wp","href":"https:\/\/api.w.org\/{rel}","templated":true}]}}