{"id":6799,"date":"2026-01-18T19:11:13","date_gmt":"2026-01-18T19:11:13","guid":{"rendered":"https:\/\/welcome-prints.com\/produit\/inside\/"},"modified":"2026-04-09T14:18:59","modified_gmt":"2026-04-09T14:18:59","slug":"inside","status":"publish","type":"product","link":"https:\/\/welcome-prints.com\/en\/produit\/inside\/","title":{"rendered":"INSIDE"},"content":{"rendered":"<p>Gravure sur bois<\/p>\n<p>Papier Fabriano 280gr<br \/>\nTaille 24,5cm x 34cm<br \/>\nEdition limit\u00e9e \u00e0 12 exemplaires<br \/>\nNum\u00e9rot\u00e9 et sign\u00e9<\/p>\n<p>Vendu sans cadre<\/p>\n","protected":false},"excerpt":{"rendered":"<p>Gravure sur bois Papier Fabriano 280gr Taille 24,5cm x 34cm Edition limit\u00e9e \u00e0 12 exemplaires Num\u00e9rot\u00e9 et sign\u00e9 Vendu sans cadre<\/p>\n","protected":false},"featured_media":6787,"template":"","meta":{"_acf_changed":false},"product_brand":[],"product_cat":[291,196,245,214,200,257],"product_tag":[],"class_list":{"0":"post-6799","1":"product","2":"type-product","3":"status-publish","4":"has-post-thumbnail","6":"product_cat-291","7":"product_cat-france","8":"product_cat-gravure-sur-bois","9":"product_cat-petit","10":"product_cat-portrait","11":"product_cat-yannick-martin","13":"first","14":"instock","15":"shipping-taxable","16":"purchasable","17":"product-type-simple"},"acf":[],"_links":{"self":[{"href":"https:\/\/welcome-prints.com\/en\/wp-json\/wp\/v2\/product\/6799","targetHints":{"allow":["GET"]}}],"collection":[{"href":"https:\/\/welcome-prints.com\/en\/wp-json\/wp\/v2\/product"}],"about":[{"href":"https:\/\/welcome-prints.com\/en\/wp-json\/wp\/v2\/types\/product"}],"wp:featuredmedia":[{"embeddable":true,"href":"https:\/\/welcome-prints.com\/en\/wp-json\/wp\/v2\/media\/6787"}],"wp:attachment":[{"href":"https:\/\/welcome-prints.com\/en\/wp-json\/wp\/v2\/media?parent=6799"}],"wp:term":[{"taxonomy":"product_brand","embeddable":true,"href":"https:\/\/welcome-prints.com\/en\/wp-json\/wp\/v2\/product_brand?post=6799"},{"taxonomy":"product_cat","embeddable":true,"href":"https:\/\/welcome-prints.com\/en\/wp-json\/wp\/v2\/product_cat?post=6799"},{"taxonomy":"product_tag","embeddable":true,"href":"https:\/\/welcome-prints.com\/en\/wp-json\/wp\/v2\/product_tag?post=6799"}],"curies":[{"name":"wp","href":"https:\/\/api.w.org\/{rel}","templated":true}]}}