{"id":6786,"date":"2026-01-18T19:03:32","date_gmt":"2026-01-18T19:03:32","guid":{"rendered":"https:\/\/welcome-prints.com\/produit\/dot\/"},"modified":"2026-04-10T00:33:51","modified_gmt":"2026-04-10T00:33:51","slug":"dot","status":"publish","type":"product","link":"https:\/\/welcome-prints.com\/en\/produit\/dot\/","title":{"rendered":"DOT"},"content":{"rendered":"<p>Gravure sur bois <\/p>\n<p>Papier Fabriano 250gr<br \/>\nTaille 25cm x 32,5cm<br \/>\nEdition limit\u00e9e \u00e0 10 exemplaires<br \/>\nNum\u00e9rot\u00e9 &amp; sign\u00e9<\/p>\n<p>Vendu sans cadre<\/p>\n","protected":false},"excerpt":{"rendered":"<p>Gravure sur bois Papier Fabriano 250gr Taille 25cm x 32,5cm Edition limit\u00e9e \u00e0 10 exemplaires Num\u00e9rot\u00e9 &amp; sign\u00e9 Vendu sans cadre<\/p>\n","protected":false},"featured_media":6776,"template":"","meta":{"_acf_changed":false},"product_brand":[],"product_cat":[291,196,245,214,200,257],"product_tag":[],"class_list":{"0":"post-6786","1":"product","2":"type-product","3":"status-publish","4":"has-post-thumbnail","6":"product_cat-291","7":"product_cat-france","8":"product_cat-gravure-sur-bois","9":"product_cat-petit","10":"product_cat-portrait","11":"product_cat-yannick-martin","13":"first","14":"instock","15":"shipping-taxable","16":"purchasable","17":"product-type-simple"},"acf":[],"_links":{"self":[{"href":"https:\/\/welcome-prints.com\/en\/wp-json\/wp\/v2\/product\/6786","targetHints":{"allow":["GET"]}}],"collection":[{"href":"https:\/\/welcome-prints.com\/en\/wp-json\/wp\/v2\/product"}],"about":[{"href":"https:\/\/welcome-prints.com\/en\/wp-json\/wp\/v2\/types\/product"}],"wp:featuredmedia":[{"embeddable":true,"href":"https:\/\/welcome-prints.com\/en\/wp-json\/wp\/v2\/media\/6776"}],"wp:attachment":[{"href":"https:\/\/welcome-prints.com\/en\/wp-json\/wp\/v2\/media?parent=6786"}],"wp:term":[{"taxonomy":"product_brand","embeddable":true,"href":"https:\/\/welcome-prints.com\/en\/wp-json\/wp\/v2\/product_brand?post=6786"},{"taxonomy":"product_cat","embeddable":true,"href":"https:\/\/welcome-prints.com\/en\/wp-json\/wp\/v2\/product_cat?post=6786"},{"taxonomy":"product_tag","embeddable":true,"href":"https:\/\/welcome-prints.com\/en\/wp-json\/wp\/v2\/product_tag?post=6786"}],"curies":[{"name":"wp","href":"https:\/\/api.w.org\/{rel}","templated":true}]}}