{"id":6775,"date":"2026-01-18T18:58:08","date_gmt":"2026-01-18T18:58:08","guid":{"rendered":"https:\/\/welcome-prints.com\/produit\/dubble\/"},"modified":"2026-04-10T00:33:51","modified_gmt":"2026-04-10T00:33:51","slug":"dubble","status":"publish","type":"product","link":"https:\/\/welcome-prints.com\/en\/produit\/dubble\/","title":{"rendered":"DUBBLE"},"content":{"rendered":"<p>S\u00e9rigraphie<br \/>\n\u200bPapier Fedrigoni Arena Rough White &#8211; 300gr<br \/>\ntaille 66cm x 46cm<br \/>\n3 exemplaires num\u00e9rot\u00e9s et sign\u00e9s<br \/>\nVendu sans cadre<\/p>\n","protected":false},"excerpt":{"rendered":"<p>S\u00e9rigraphie \u200bPapier Fedrigoni Arena Rough White &#8211; 300gr taille 66cm x 46cm 3 exemplaires num\u00e9rot\u00e9s et sign\u00e9s Vendu sans cadre<\/p>\n","protected":false},"featured_media":6765,"template":"","meta":{"_acf_changed":false},"product_brand":[],"product_cat":[291,196,214,200,205,257],"product_tag":[],"class_list":{"0":"post-6775","1":"product","2":"type-product","3":"status-publish","4":"has-post-thumbnail","6":"product_cat-291","7":"product_cat-france","8":"product_cat-petit","9":"product_cat-portrait","10":"product_cat-serigraphie","11":"product_cat-yannick-martin","13":"first","14":"instock","15":"shipping-taxable","16":"purchasable","17":"product-type-simple"},"acf":[],"_links":{"self":[{"href":"https:\/\/welcome-prints.com\/en\/wp-json\/wp\/v2\/product\/6775","targetHints":{"allow":["GET"]}}],"collection":[{"href":"https:\/\/welcome-prints.com\/en\/wp-json\/wp\/v2\/product"}],"about":[{"href":"https:\/\/welcome-prints.com\/en\/wp-json\/wp\/v2\/types\/product"}],"wp:featuredmedia":[{"embeddable":true,"href":"https:\/\/welcome-prints.com\/en\/wp-json\/wp\/v2\/media\/6765"}],"wp:attachment":[{"href":"https:\/\/welcome-prints.com\/en\/wp-json\/wp\/v2\/media?parent=6775"}],"wp:term":[{"taxonomy":"product_brand","embeddable":true,"href":"https:\/\/welcome-prints.com\/en\/wp-json\/wp\/v2\/product_brand?post=6775"},{"taxonomy":"product_cat","embeddable":true,"href":"https:\/\/welcome-prints.com\/en\/wp-json\/wp\/v2\/product_cat?post=6775"},{"taxonomy":"product_tag","embeddable":true,"href":"https:\/\/welcome-prints.com\/en\/wp-json\/wp\/v2\/product_tag?post=6775"}],"curies":[{"name":"wp","href":"https:\/\/api.w.org\/{rel}","templated":true}]}}