{"id":6752,"date":"2026-01-18T18:41:26","date_gmt":"2026-01-18T18:41:26","guid":{"rendered":"https:\/\/welcome-prints.com\/produit\/pink-lady\/"},"modified":"2026-04-09T15:19:57","modified_gmt":"2026-04-09T15:19:57","slug":"pink-lady","status":"publish","type":"product","link":"https:\/\/welcome-prints.com\/en\/produit\/pink-lady\/","title":{"rendered":"PINK LADY"},"content":{"rendered":"<p>S\u00e9rigraphie<br \/>\n\u200bPapier Fedrigoni Arena Rough White &#8211; 300gr<br \/>\ntaille 80cm x 60cm<br \/>\n18 exemplaires num\u00e9rot\u00e9s et sign\u00e9s<br \/>\nVendu sans cadre<\/p>\n<p>Imprim\u00e9 avec Le Parti &amp; Lieu Commun\u200b<\/p>\n","protected":false},"excerpt":{"rendered":"<p>S\u00e9rigraphie \u200bPapier Fedrigoni Arena Rough White &#8211; 300gr taille 80cm x 60cm 18 exemplaires num\u00e9rot\u00e9s et sign\u00e9s Vendu sans cadre Imprim\u00e9 avec Le Parti &amp; Lieu Commun\u200b<\/p>\n","protected":false},"featured_media":6750,"template":"","meta":{"_acf_changed":false},"product_brand":[],"product_cat":[291,196,216,200,205,257],"product_tag":[],"class_list":{"0":"post-6752","1":"product","2":"type-product","3":"status-publish","4":"has-post-thumbnail","6":"product_cat-291","7":"product_cat-france","8":"product_cat-grand","9":"product_cat-portrait","10":"product_cat-serigraphie","11":"product_cat-yannick-martin","13":"first","14":"instock","15":"shipping-taxable","16":"purchasable","17":"product-type-simple"},"acf":[],"_links":{"self":[{"href":"https:\/\/welcome-prints.com\/en\/wp-json\/wp\/v2\/product\/6752","targetHints":{"allow":["GET"]}}],"collection":[{"href":"https:\/\/welcome-prints.com\/en\/wp-json\/wp\/v2\/product"}],"about":[{"href":"https:\/\/welcome-prints.com\/en\/wp-json\/wp\/v2\/types\/product"}],"wp:featuredmedia":[{"embeddable":true,"href":"https:\/\/welcome-prints.com\/en\/wp-json\/wp\/v2\/media\/6750"}],"wp:attachment":[{"href":"https:\/\/welcome-prints.com\/en\/wp-json\/wp\/v2\/media?parent=6752"}],"wp:term":[{"taxonomy":"product_brand","embeddable":true,"href":"https:\/\/welcome-prints.com\/en\/wp-json\/wp\/v2\/product_brand?post=6752"},{"taxonomy":"product_cat","embeddable":true,"href":"https:\/\/welcome-prints.com\/en\/wp-json\/wp\/v2\/product_cat?post=6752"},{"taxonomy":"product_tag","embeddable":true,"href":"https:\/\/welcome-prints.com\/en\/wp-json\/wp\/v2\/product_tag?post=6752"}],"curies":[{"name":"wp","href":"https:\/\/api.w.org\/{rel}","templated":true}]}}