{"id":6718,"date":"2025-12-22T11:02:40","date_gmt":"2025-12-22T11:02:40","guid":{"rendered":"https:\/\/welcome-prints.com\/?post_type=product&#038;p=6718"},"modified":"2026-04-09T11:32:52","modified_gmt":"2026-04-09T11:32:52","slug":"vue-du-mont-glonne-2","status":"publish","type":"product","link":"https:\/\/welcome-prints.com\/en\/produit\/vue-du-mont-glonne-2\/","title":{"rendered":"Vue du mont glonne"},"content":{"rendered":"<p>Technique de linogravure \u00e0 2 plaques perdues. encre aquawash. tirage sur presse sur papier canson \u00e0 grain 160g ou carton entoil&#8221;  \u00e9preuve n\u00b0 1 sur une \u00e9dition de 10 exemplaires.<\/p>\n","protected":false},"excerpt":{"rendered":"<p>Technique de linogravure \u00e0 2 plaques perdues. encre aquawash. tirage sur presse sur papier canson \u00e0 grain 160g ou carton entoil&#8221; \u00e9preuve n\u00b0 1 sur une \u00e9dition de 10 exemplaires.<\/p>\n","protected":false},"featured_media":6719,"template":"","meta":{"_acf_changed":false},"product_brand":[],"product_cat":[291,196,333,228,215,200,192],"product_tag":[],"class_list":{"0":"post-6718","1":"product","2":"type-product","3":"status-publish","4":"has-post-thumbnail","6":"product_cat-291","7":"product_cat-france","8":"product_cat-jean-clair","9":"product_cat-linogravure","10":"product_cat-moyen","11":"product_cat-portrait","12":"product_cat-un-artiste","14":"first","15":"instock","16":"shipping-taxable","17":"purchasable","18":"product-type-simple"},"acf":[],"_links":{"self":[{"href":"https:\/\/welcome-prints.com\/en\/wp-json\/wp\/v2\/product\/6718","targetHints":{"allow":["GET"]}}],"collection":[{"href":"https:\/\/welcome-prints.com\/en\/wp-json\/wp\/v2\/product"}],"about":[{"href":"https:\/\/welcome-prints.com\/en\/wp-json\/wp\/v2\/types\/product"}],"wp:featuredmedia":[{"embeddable":true,"href":"https:\/\/welcome-prints.com\/en\/wp-json\/wp\/v2\/media\/6719"}],"wp:attachment":[{"href":"https:\/\/welcome-prints.com\/en\/wp-json\/wp\/v2\/media?parent=6718"}],"wp:term":[{"taxonomy":"product_brand","embeddable":true,"href":"https:\/\/welcome-prints.com\/en\/wp-json\/wp\/v2\/product_brand?post=6718"},{"taxonomy":"product_cat","embeddable":true,"href":"https:\/\/welcome-prints.com\/en\/wp-json\/wp\/v2\/product_cat?post=6718"},{"taxonomy":"product_tag","embeddable":true,"href":"https:\/\/welcome-prints.com\/en\/wp-json\/wp\/v2\/product_tag?post=6718"}],"curies":[{"name":"wp","href":"https:\/\/api.w.org\/{rel}","templated":true}]}}