{"id":6705,"date":"2025-12-16T13:55:33","date_gmt":"2025-12-16T13:55:33","guid":{"rendered":"https:\/\/welcome-prints.com\/?post_type=product&#038;p=6705"},"modified":"2026-04-09T17:32:11","modified_gmt":"2026-04-09T17:32:11","slug":"pluie-sur-locean-dapres-h-riviere","status":"publish","type":"product","link":"https:\/\/welcome-prints.com\/en\/produit\/pluie-sur-locean-dapres-h-riviere\/","title":{"rendered":"&#8220;Pluie sur l&#8217;oc\u00e9an&#8221; d&#8217;apr\u00e8s H.Rivi\u00e8re"},"content":{"rendered":"<p>Estampe n\u00b01 technique japonaise &#8220;moku hanga&#8221; tir\u00e9e en 5 exemplaires sur papier Japon. gouache. bois de cerisier.<\/p>\n","protected":false},"excerpt":{"rendered":"<p>5 exemplaires sans pluie, 3 exemplaires avec technique du gomazori, 5 exemplaires avec bocashi sur les rochers.<\/p>\n","protected":false},"featured_media":6710,"template":"","meta":{"_acf_changed":false},"product_brand":[],"product_cat":[291,196,245,333,214,200,252],"product_tag":[],"class_list":{"0":"post-6705","1":"product","2":"type-product","3":"status-publish","4":"has-post-thumbnail","6":"product_cat-291","7":"product_cat-france","8":"product_cat-gravure-sur-bois","9":"product_cat-jean-clair","10":"product_cat-petit","11":"product_cat-portrait","12":"product_cat-xylographie","14":"first","15":"instock","16":"shipping-taxable","17":"purchasable","18":"product-type-simple"},"acf":[],"_links":{"self":[{"href":"https:\/\/welcome-prints.com\/en\/wp-json\/wp\/v2\/product\/6705","targetHints":{"allow":["GET"]}}],"collection":[{"href":"https:\/\/welcome-prints.com\/en\/wp-json\/wp\/v2\/product"}],"about":[{"href":"https:\/\/welcome-prints.com\/en\/wp-json\/wp\/v2\/types\/product"}],"wp:featuredmedia":[{"embeddable":true,"href":"https:\/\/welcome-prints.com\/en\/wp-json\/wp\/v2\/media\/6710"}],"wp:attachment":[{"href":"https:\/\/welcome-prints.com\/en\/wp-json\/wp\/v2\/media?parent=6705"}],"wp:term":[{"taxonomy":"product_brand","embeddable":true,"href":"https:\/\/welcome-prints.com\/en\/wp-json\/wp\/v2\/product_brand?post=6705"},{"taxonomy":"product_cat","embeddable":true,"href":"https:\/\/welcome-prints.com\/en\/wp-json\/wp\/v2\/product_cat?post=6705"},{"taxonomy":"product_tag","embeddable":true,"href":"https:\/\/welcome-prints.com\/en\/wp-json\/wp\/v2\/product_tag?post=6705"}],"curies":[{"name":"wp","href":"https:\/\/api.w.org\/{rel}","templated":true}]}}