{"id":6697,"date":"2025-12-12T21:08:07","date_gmt":"2025-12-12T21:08:07","guid":{"rendered":"https:\/\/welcome-prints.com\/?post_type=product&#038;p=6697"},"modified":"2026-04-09T19:37:00","modified_gmt":"2026-04-09T19:37:00","slug":"danseuse","status":"publish","type":"product","link":"https:\/\/welcome-prints.com\/en\/produit\/danseuse\/","title":{"rendered":"Danseuse"},"content":{"rendered":"<p>Lithographie originale sur papier Fabriano 300g<br \/>\n\u00c9dition num\u00e9rot\u00e9e \u00e0 2 exemplaires<br \/>\nSign\u00e9e et num\u00e9rot\u00e9e par l&#8217;artiste, tampon sec de l&#8217;atelier<\/p>\n<p>Clara Romero Aguado, n\u00e9e \u00e0 Barcelone en 1997, est une artiste peintre dipl\u00f4m\u00e9e en Illustration et Peinture Murale de l\u2019Escola Massana de Barcelone. Install\u00e9e \u00e0 Marseille depuis 2019, elle y d\u00e9veloppe une pratique artistique contemporaine marqu\u00e9e par une exploration intime des \u00e9motions et des mondes oniriques. Co-fondatrice du collectif Cinco, Clara a pris part \u00e0 divers projets collaboratifs, parmi lesquels la cr\u00e9ation de vingt-et-une peintures pour la revue Les Travers\u00e9es de la Nuit du collectif Lapsus Num\u00e9rique. Clara a expos\u00e9 dans plus d\u2019une quinzaine de galeries en France, en Espagne et en Italie, notamment \u00e0 la Flamicell Art Contemporary, \u00e0 la Galerie Esther Montoriol et \u00e0 la Galerie du Tableau. Ses \u0153uvres sont pr\u00e9sentes dans plusieurs collections priv\u00e9es, telles que celle du Mus\u00e9e des Enfants &#8211; Pr\u00e9au des Accoules \u00e0 Marseille, ainsi qu\u2019\u00e0 la Fondation Vila Casas et Guinovart \u00e0 Barcelone. En 2024, elle a pr\u00e9sent\u00e9 son exposition personnelle Songes Mouvants \u00e0 la Galerie La Nave Va \u00e0 Marseille, dans le cadre du programme Printemps Art Contemporain.<\/p>\n","protected":false},"excerpt":{"rendered":"<p>Lithographie<\/p>\n","protected":false},"featured_media":6698,"template":"","meta":{"_acf_changed":false},"product_brand":[],"product_cat":[291,193,336,196,216,204,200,192],"product_tag":[],"class_list":{"0":"post-6697","1":"product","2":"type-product","3":"status-publish","4":"has-post-thumbnail","6":"product_cat-291","7":"product_cat-annees","8":"product_cat-clara-romeo-aguado","9":"product_cat-france","10":"product_cat-grand","11":"product_cat-lithographie","12":"product_cat-portrait","13":"product_cat-un-artiste","15":"first","16":"instock","17":"shipping-taxable","18":"purchasable","19":"product-type-simple"},"acf":[],"_links":{"self":[{"href":"https:\/\/welcome-prints.com\/en\/wp-json\/wp\/v2\/product\/6697","targetHints":{"allow":["GET"]}}],"collection":[{"href":"https:\/\/welcome-prints.com\/en\/wp-json\/wp\/v2\/product"}],"about":[{"href":"https:\/\/welcome-prints.com\/en\/wp-json\/wp\/v2\/types\/product"}],"wp:featuredmedia":[{"embeddable":true,"href":"https:\/\/welcome-prints.com\/en\/wp-json\/wp\/v2\/media\/6698"}],"wp:attachment":[{"href":"https:\/\/welcome-prints.com\/en\/wp-json\/wp\/v2\/media?parent=6697"}],"wp:term":[{"taxonomy":"product_brand","embeddable":true,"href":"https:\/\/welcome-prints.com\/en\/wp-json\/wp\/v2\/product_brand?post=6697"},{"taxonomy":"product_cat","embeddable":true,"href":"https:\/\/welcome-prints.com\/en\/wp-json\/wp\/v2\/product_cat?post=6697"},{"taxonomy":"product_tag","embeddable":true,"href":"https:\/\/welcome-prints.com\/en\/wp-json\/wp\/v2\/product_tag?post=6697"}],"curies":[{"name":"wp","href":"https:\/\/api.w.org\/{rel}","templated":true}]}}