{"id":6696,"date":"2025-12-10T14:01:32","date_gmt":"2025-12-10T14:01:32","guid":{"rendered":"https:\/\/welcome-prints.com\/produit\/bouclier-en-coton\/"},"modified":"2026-04-09T21:10:44","modified_gmt":"2026-04-09T21:10:44","slug":"bouclier-en-coton","status":"publish","type":"product","link":"https:\/\/welcome-prints.com\/en\/produit\/bouclier-en-coton\/","title":{"rendered":"Bouclier en coton"},"content":{"rendered":"<p>Certain\u00b7es choisissent le bruit.<br \/>\nElle, elle a choisi la tendresse comme armure.<\/p>\n<p>Dans ses bras, ce chat n\u2019est pas un simple compagnon :<br \/>\nc\u2019est un refuge, un miroir, une permission d\u2019\u00eatre douce sans s\u2019excuser.<\/p>\n<p>Cette gravure parle de \u00e7a :<br \/>\nla force tranquille, celle qu\u2019on ne remarque pas mais qui sauve des journ\u00e9es enti\u00e8res.<\/p>\n<p>Sur cette gravure, l\u2019h\u00e9ro\u00efne porte la m\u00eame faille que moi.<br \/>\nSauf qu&#8217;elle, elle a d\u00e9cid\u00e9 d\u2019adopter un chat !<br \/>\nElle n\u2019\u00e9tait qu\u2019une enfant quand elle l\u2019a recueillie.<br \/>\nLui aussi n\u2019 \u00e9tait qu\u2019un chaton \u00e9gar\u00e9 mais leurs regards se sont crois\u00e9s et se sont imm\u00e9diatement reconnus. <\/p>\n<p>Depuis, ils ne font qu\u2019un.<br \/>\nLe chat est son bouclier en coton, son refuge contre les temp\u00eates.<br \/>\nQuand ses parents la rappellent \u00e0 l\u2019ordre ou que le monde l\u2019accable, elle trouve un pr\u00e9texte :<br \/>\n&#8220;Je ne peux pas, il y a Miaou.&#8221;<br \/>\nEt ce n\u2019est qu\u2019un demi-mensonge.<\/p>\n<p>Les yeux noirs, \u00e9tranges et profonds du f\u00e9lin refl\u00e8tent \u00e0 la fois une part d\u2019elle qu\u2019elle redoute et une noirceur qu\u2019elle voudrait oublier. <\/p>\n<p>Pour elle, l\u2019ext\u00e9rieur est une menace.<br \/>\nUn appel \u00e0 sortir les griffes.<br \/>\nMais le chat, par ses ronrons et sa douceur, lui d\u00e9montre que la tendresse est la plus grande force. <\/p>\n<p>Et si r\u00e9-apprendre la douceur permettait de survivre au monde ?<\/p>\n","protected":false},"excerpt":{"rendered":"<p>Certain\u00b7es choisissent le bruit. Elle, elle a choisi la tendresse comme armure. Dans ses bras, ce chat n\u2019est pas un simple compagnon : c\u2019est un refuge, un miroir, une permission d\u2019\u00eatre douce sans s\u2019excuser. Cette gravure parle de \u00e7a : la force tranquille, celle qu\u2019on ne remarque pas mais qui sauve des journ\u00e9es enti\u00e8res. Sur [&hellip;]<\/p>\n","protected":false},"featured_media":6692,"template":"","meta":{"_acf_changed":false},"product_brand":[],"product_cat":[226,196,241,228,214,200],"product_tag":[],"class_list":{"0":"post-6696","1":"product","2":"type-product","3":"status-publish","4":"has-post-thumbnail","6":"product_cat-226","7":"product_cat-france","8":"product_cat-laura-loriers","9":"product_cat-linogravure","10":"product_cat-petit","11":"product_cat-portrait","13":"first","14":"instock","15":"shipping-taxable","16":"purchasable","17":"product-type-simple"},"acf":[],"_links":{"self":[{"href":"https:\/\/welcome-prints.com\/en\/wp-json\/wp\/v2\/product\/6696","targetHints":{"allow":["GET"]}}],"collection":[{"href":"https:\/\/welcome-prints.com\/en\/wp-json\/wp\/v2\/product"}],"about":[{"href":"https:\/\/welcome-prints.com\/en\/wp-json\/wp\/v2\/types\/product"}],"wp:featuredmedia":[{"embeddable":true,"href":"https:\/\/welcome-prints.com\/en\/wp-json\/wp\/v2\/media\/6692"}],"wp:attachment":[{"href":"https:\/\/welcome-prints.com\/en\/wp-json\/wp\/v2\/media?parent=6696"}],"wp:term":[{"taxonomy":"product_brand","embeddable":true,"href":"https:\/\/welcome-prints.com\/en\/wp-json\/wp\/v2\/product_brand?post=6696"},{"taxonomy":"product_cat","embeddable":true,"href":"https:\/\/welcome-prints.com\/en\/wp-json\/wp\/v2\/product_cat?post=6696"},{"taxonomy":"product_tag","embeddable":true,"href":"https:\/\/welcome-prints.com\/en\/wp-json\/wp\/v2\/product_tag?post=6696"}],"curies":[{"name":"wp","href":"https:\/\/api.w.org\/{rel}","templated":true}]}}