{"id":6678,"date":"2025-12-06T20:59:38","date_gmt":"2025-12-06T20:59:38","guid":{"rendered":"https:\/\/welcome-prints.com\/produit\/nikishi\/"},"modified":"2026-05-06T12:05:53","modified_gmt":"2026-05-06T12:05:53","slug":"nikishi","status":"publish","type":"product","link":"https:\/\/welcome-prints.com\/en\/produit\/nikishi\/","title":{"rendered":"Nikishi"},"content":{"rendered":"<p>2\/10<\/p>\n<p>Linogravure en 4 blocs + broderie (encres \u00e0 l&#8217;huile, papier Shiramine Select 110 g\/m\u00b2, fil \u00e0 broder Diamant DMC)<\/p>\n<p>Omnipr\u00e9sent dans la culture japonaise, le pin est un symbole de bon augure et de long\u00e9vit\u00e9. Ce motif, qui se pr\u00eate \u00e0 d&#8217;infinies variations variations, est ici brod\u00e9 de fil d&#8217;or qui conf\u00e8re \u00e0 cette estampe une dimension d\u00e9corative et pr\u00e9cieuse, en allusion aux riches kimonos brod\u00e9s.<\/p>\n","protected":false},"excerpt":{"rendered":"<p>2\/10 Linogravure en 4 blocs + broderie (encres \u00e0 l&#8217;huile, papier Shiramine Select 110 g\/m\u00b2, fil \u00e0 broder Diamant DMC) Omnipr\u00e9sent dans la culture japonaise, le pin est un symbole de bon augure et de long\u00e9vit\u00e9. Ce motif, qui se pr\u00eate \u00e0 d&#8217;infinies variations variations, est ici brod\u00e9 de fil d&#8217;or qui conf\u00e8re \u00e0 cette [&hellip;]<\/p>\n","protected":false},"featured_media":6668,"template":"","meta":{"_acf_changed":false},"product_brand":[],"product_cat":[291,331,215,200],"product_tag":[],"class_list":{"0":"post-6678","1":"product","2":"type-product","3":"status-publish","4":"has-post-thumbnail","6":"product_cat-291","7":"product_cat-moira-swann","8":"product_cat-moyen","9":"product_cat-portrait","11":"first","12":"instock","13":"shipping-taxable","14":"purchasable","15":"product-type-simple"},"acf":[],"_links":{"self":[{"href":"https:\/\/welcome-prints.com\/en\/wp-json\/wp\/v2\/product\/6678","targetHints":{"allow":["GET"]}}],"collection":[{"href":"https:\/\/welcome-prints.com\/en\/wp-json\/wp\/v2\/product"}],"about":[{"href":"https:\/\/welcome-prints.com\/en\/wp-json\/wp\/v2\/types\/product"}],"wp:featuredmedia":[{"embeddable":true,"href":"https:\/\/welcome-prints.com\/en\/wp-json\/wp\/v2\/media\/6668"}],"wp:attachment":[{"href":"https:\/\/welcome-prints.com\/en\/wp-json\/wp\/v2\/media?parent=6678"}],"wp:term":[{"taxonomy":"product_brand","embeddable":true,"href":"https:\/\/welcome-prints.com\/en\/wp-json\/wp\/v2\/product_brand?post=6678"},{"taxonomy":"product_cat","embeddable":true,"href":"https:\/\/welcome-prints.com\/en\/wp-json\/wp\/v2\/product_cat?post=6678"},{"taxonomy":"product_tag","embeddable":true,"href":"https:\/\/welcome-prints.com\/en\/wp-json\/wp\/v2\/product_tag?post=6678"}],"curies":[{"name":"wp","href":"https:\/\/api.w.org\/{rel}","templated":true}]}}