{"id":6667,"date":"2025-12-06T20:36:31","date_gmt":"2025-12-06T20:36:31","guid":{"rendered":"https:\/\/welcome-prints.com\/produit\/fin-dautomne\/"},"modified":"2026-05-06T12:07:12","modified_gmt":"2026-05-06T12:07:12","slug":"fin-dautomne","status":"publish","type":"product","link":"https:\/\/welcome-prints.com\/en\/produit\/fin-dautomne\/","title":{"rendered":"Fin d&#8217;automne"},"content":{"rendered":"<p>Exemplaire 10\/10<\/p>\n<p>Gravure sur gomme en r\u00e9duction &#8211; 11 passages (encres \u00e0 l&#8217;huile et papier Hosho 90 g\/m\u00b2)<\/p>\n<p>Un hommage au r\u00e9alisateur japonais Yasujiro Ozu, magicien des plans fixes et des d\u00e9cors film\u00e9s depuis le tatami. Comme son titre l&#8217;indique, ce plan se trouve dans le film &#8220;Akibiyori&#8221; (Fin d&#8217;automne, 1960).<\/p>\n","protected":false},"excerpt":{"rendered":"<p>Exemplaire 10\/10 Gravure sur gomme en r\u00e9duction &#8211; 11 passages (encres \u00e0 l&#8217;huile et papier Hosho 90 g\/m\u00b2) Un hommage au r\u00e9alisateur japonais Yasujiro Ozu, magicien des plans fixes et des d\u00e9cors film\u00e9s depuis le tatami. Comme son titre l&#8217;indique, ce plan se trouve dans le film &#8220;Akibiyori&#8221; (Fin d&#8217;automne, 1960).<\/p>\n","protected":false},"featured_media":6659,"template":"","meta":{"_acf_changed":false},"product_brand":[],"product_cat":[226,202,331,214],"product_tag":[],"class_list":{"0":"post-6667","1":"product","2":"type-product","3":"status-publish","4":"has-post-thumbnail","6":"product_cat-226","7":"product_cat-carre","8":"product_cat-moira-swann","9":"product_cat-petit","11":"first","12":"instock","13":"shipping-taxable","14":"purchasable","15":"product-type-simple"},"acf":[],"_links":{"self":[{"href":"https:\/\/welcome-prints.com\/en\/wp-json\/wp\/v2\/product\/6667","targetHints":{"allow":["GET"]}}],"collection":[{"href":"https:\/\/welcome-prints.com\/en\/wp-json\/wp\/v2\/product"}],"about":[{"href":"https:\/\/welcome-prints.com\/en\/wp-json\/wp\/v2\/types\/product"}],"wp:featuredmedia":[{"embeddable":true,"href":"https:\/\/welcome-prints.com\/en\/wp-json\/wp\/v2\/media\/6659"}],"wp:attachment":[{"href":"https:\/\/welcome-prints.com\/en\/wp-json\/wp\/v2\/media?parent=6667"}],"wp:term":[{"taxonomy":"product_brand","embeddable":true,"href":"https:\/\/welcome-prints.com\/en\/wp-json\/wp\/v2\/product_brand?post=6667"},{"taxonomy":"product_cat","embeddable":true,"href":"https:\/\/welcome-prints.com\/en\/wp-json\/wp\/v2\/product_cat?post=6667"},{"taxonomy":"product_tag","embeddable":true,"href":"https:\/\/welcome-prints.com\/en\/wp-json\/wp\/v2\/product_tag?post=6667"}],"curies":[{"name":"wp","href":"https:\/\/api.w.org\/{rel}","templated":true}]}}