{"id":6637,"date":"2025-11-25T13:27:30","date_gmt":"2025-11-25T13:27:30","guid":{"rendered":"https:\/\/welcome-prints.com\/produit\/letoile\/"},"modified":"2026-04-09T11:26:57","modified_gmt":"2026-04-09T11:26:57","slug":"letoile","status":"publish","type":"product","link":"https:\/\/welcome-prints.com\/en\/produit\/letoile\/","title":{"rendered":"L&#8217;\u00e9toile"},"content":{"rendered":"<p>Gravure d&#8217;une arcane du tarot, &#8220;L&#8217;\u00e9toile&#8221;<br \/>\nEstampe \u00e0 la pointe s\u00e8che sur tetra pak avec rehaut d&#8217;encre dor\u00e9.<br \/>\nexemplaire unique dans cette couleur.<\/p>\n","protected":false},"excerpt":{"rendered":"<p>Gravure d&#8217;une arcane du tarot, &#8220;L&#8217;\u00e9toile&#8221; Estampe \u00e0 la pointe s\u00e8che sur tetra pak avec rehaut d&#8217;encre dor\u00e9. exemplaire unique dans cette couleur.<\/p>\n","protected":false},"featured_media":6625,"template":"","meta":{"_acf_changed":false},"product_brand":[],"product_cat":[291,330,196,215,211,200,248],"product_tag":[],"class_list":{"0":"post-6637","1":"product","2":"type-product","3":"status-publish","4":"has-post-thumbnail","6":"product_cat-291","7":"product_cat-anne-sophie-llobel","8":"product_cat-france","9":"product_cat-moyen","10":"product_cat-pointe-seche","11":"product_cat-portrait","12":"product_cat-techniques-mixtes","14":"first","15":"instock","16":"shipping-taxable","17":"purchasable","18":"product-type-simple"},"acf":[],"_links":{"self":[{"href":"https:\/\/welcome-prints.com\/en\/wp-json\/wp\/v2\/product\/6637","targetHints":{"allow":["GET"]}}],"collection":[{"href":"https:\/\/welcome-prints.com\/en\/wp-json\/wp\/v2\/product"}],"about":[{"href":"https:\/\/welcome-prints.com\/en\/wp-json\/wp\/v2\/types\/product"}],"wp:featuredmedia":[{"embeddable":true,"href":"https:\/\/welcome-prints.com\/en\/wp-json\/wp\/v2\/media\/6625"}],"wp:attachment":[{"href":"https:\/\/welcome-prints.com\/en\/wp-json\/wp\/v2\/media?parent=6637"}],"wp:term":[{"taxonomy":"product_brand","embeddable":true,"href":"https:\/\/welcome-prints.com\/en\/wp-json\/wp\/v2\/product_brand?post=6637"},{"taxonomy":"product_cat","embeddable":true,"href":"https:\/\/welcome-prints.com\/en\/wp-json\/wp\/v2\/product_cat?post=6637"},{"taxonomy":"product_tag","embeddable":true,"href":"https:\/\/welcome-prints.com\/en\/wp-json\/wp\/v2\/product_tag?post=6637"}],"curies":[{"name":"wp","href":"https:\/\/api.w.org\/{rel}","templated":true}]}}