{"id":6624,"date":"2025-11-24T16:53:24","date_gmt":"2025-11-24T16:53:24","guid":{"rendered":"https:\/\/welcome-prints.com\/produit\/ramen-ton-cul\/"},"modified":"2026-04-09T21:17:37","modified_gmt":"2026-04-09T21:17:37","slug":"ramen-ton-cul","status":"publish","type":"product","link":"https:\/\/welcome-prints.com\/en\/produit\/ramen-ton-cul\/","title":{"rendered":"RAMEN TON CUL"},"content":{"rendered":"<p>Exemplaire 10\/18<\/p>\n<p>Lithographie originale en deux couleurs sur papier BFK Rives 250g<br \/>\nImprim\u00e9e par l\u2019artiste en 18 exemplaires<br \/>\n28\u00d738<br \/>\nSign\u00e9e et num\u00e9rot\u00e9e par l\u2019artiste<\/p>\n<p>Un certificat d\u2019authentification est possible, une signature avec un sceau peut \u00e9galement \u00eatre choisie.<\/p>\n","protected":false},"excerpt":{"rendered":"<p>Exemplaire 10\/18 Lithographie originale en deux couleurs sur papier BFK Rives 250g Imprim\u00e9e par l\u2019artiste en 18 exemplaires 28\u00d738 Sign\u00e9e et num\u00e9rot\u00e9e par l\u2019artiste Un certificat d\u2019authentification est possible, une signature avec un sceau peut \u00e9galement \u00eatre choisie.<\/p>\n","protected":false},"featured_media":6616,"template":"","meta":{"_acf_changed":false},"product_brand":[],"product_cat":[291,196,204,215,200],"product_tag":[],"class_list":{"0":"post-6624","1":"product","2":"type-product","3":"status-publish","4":"has-post-thumbnail","6":"product_cat-291","7":"product_cat-france","8":"product_cat-lithographie","9":"product_cat-moyen","10":"product_cat-portrait","12":"first","13":"instock","14":"shipping-taxable","15":"purchasable","16":"product-type-simple"},"acf":[],"_links":{"self":[{"href":"https:\/\/welcome-prints.com\/en\/wp-json\/wp\/v2\/product\/6624","targetHints":{"allow":["GET"]}}],"collection":[{"href":"https:\/\/welcome-prints.com\/en\/wp-json\/wp\/v2\/product"}],"about":[{"href":"https:\/\/welcome-prints.com\/en\/wp-json\/wp\/v2\/types\/product"}],"wp:featuredmedia":[{"embeddable":true,"href":"https:\/\/welcome-prints.com\/en\/wp-json\/wp\/v2\/media\/6616"}],"wp:attachment":[{"href":"https:\/\/welcome-prints.com\/en\/wp-json\/wp\/v2\/media?parent=6624"}],"wp:term":[{"taxonomy":"product_brand","embeddable":true,"href":"https:\/\/welcome-prints.com\/en\/wp-json\/wp\/v2\/product_brand?post=6624"},{"taxonomy":"product_cat","embeddable":true,"href":"https:\/\/welcome-prints.com\/en\/wp-json\/wp\/v2\/product_cat?post=6624"},{"taxonomy":"product_tag","embeddable":true,"href":"https:\/\/welcome-prints.com\/en\/wp-json\/wp\/v2\/product_tag?post=6624"}],"curies":[{"name":"wp","href":"https:\/\/api.w.org\/{rel}","templated":true}]}}