{"id":6615,"date":"2025-11-24T16:45:25","date_gmt":"2025-11-24T16:45:25","guid":{"rendered":"https:\/\/welcome-prints.com\/produit\/not-tiede-party\/"},"modified":"2026-04-09T17:09:25","modified_gmt":"2026-04-09T17:09:25","slug":"not-tiede-party","status":"publish","type":"product","link":"https:\/\/welcome-prints.com\/en\/produit\/not-tiede-party\/","title":{"rendered":"NOT TIEDE PARTY"},"content":{"rendered":"<p>Exemplaire 10\/18<\/p>\n<p>Lithographie originale en deux couleurs sur papier BFK Rives 250g<br \/>\nImprim\u00e9e par l&#8217;artiste en 18 exemplaires<br \/>\n28&#215;38<br \/>\nSign\u00e9e et num\u00e9rot\u00e9e par l&#8217;artiste<\/p>\n<p>Un certificat d&#8217;authentification est possible, une signature avec un sceau peut \u00e9galement \u00eatre choisie.<\/p>\n","protected":false},"excerpt":{"rendered":"<p>Exemplaire 10\/18 Lithographie originale en deux couleurs sur papier BFK Rives 250g Imprim\u00e9e par l&#8217;artiste en 18 exemplaires 28&#215;38 Sign\u00e9e et num\u00e9rot\u00e9e par l&#8217;artiste Un certificat d&#8217;authentification est possible, une signature avec un sceau peut \u00e9galement \u00eatre choisie.<\/p>\n","protected":false},"featured_media":6607,"template":"","meta":{"_acf_changed":false},"product_brand":[],"product_cat":[291,196,204,215,200],"product_tag":[],"class_list":{"0":"post-6615","1":"product","2":"type-product","3":"status-publish","4":"has-post-thumbnail","6":"product_cat-291","7":"product_cat-france","8":"product_cat-lithographie","9":"product_cat-moyen","10":"product_cat-portrait","12":"first","13":"instock","14":"shipping-taxable","15":"purchasable","16":"product-type-simple"},"acf":[],"_links":{"self":[{"href":"https:\/\/welcome-prints.com\/en\/wp-json\/wp\/v2\/product\/6615","targetHints":{"allow":["GET"]}}],"collection":[{"href":"https:\/\/welcome-prints.com\/en\/wp-json\/wp\/v2\/product"}],"about":[{"href":"https:\/\/welcome-prints.com\/en\/wp-json\/wp\/v2\/types\/product"}],"wp:featuredmedia":[{"embeddable":true,"href":"https:\/\/welcome-prints.com\/en\/wp-json\/wp\/v2\/media\/6607"}],"wp:attachment":[{"href":"https:\/\/welcome-prints.com\/en\/wp-json\/wp\/v2\/media?parent=6615"}],"wp:term":[{"taxonomy":"product_brand","embeddable":true,"href":"https:\/\/welcome-prints.com\/en\/wp-json\/wp\/v2\/product_brand?post=6615"},{"taxonomy":"product_cat","embeddable":true,"href":"https:\/\/welcome-prints.com\/en\/wp-json\/wp\/v2\/product_cat?post=6615"},{"taxonomy":"product_tag","embeddable":true,"href":"https:\/\/welcome-prints.com\/en\/wp-json\/wp\/v2\/product_tag?post=6615"}],"curies":[{"name":"wp","href":"https:\/\/api.w.org\/{rel}","templated":true}]}}