{"id":6600,"date":"2025-11-13T13:53:43","date_gmt":"2025-11-13T13:53:43","guid":{"rendered":"https:\/\/welcome-prints.com\/produit\/retrouver-linsouciance\/"},"modified":"2026-04-09T13:45:31","modified_gmt":"2026-04-09T13:45:31","slug":"retrouver-linsouciance","status":"publish","type":"product","link":"https:\/\/welcome-prints.com\/en\/produit\/retrouver-linsouciance\/","title":{"rendered":"Retrouver l&#8217;insouciance"},"content":{"rendered":"<p>Une estampe pour nous rappeler ce qu\u2019on oublie trop souvent :<br \/>\nla libert\u00e9 se cache dans les gestes simples \u2014 oser r\u00eaver, ralentir, danser sous la pluie.<br \/>\nCette gravure c\u00e9l\u00e8bre l\u2019insouciance retrouv\u00e9e, celle qu\u2019on croyait perdue en grandissant.<br \/>\n Une invitation \u00e0 se souvenir que la douceur est une forme de courage.<\/p>\n<p>10 exemplaires<\/p>\n<p>Les jours de pluie, elle aime s\u2019adosser \u00e0 sa fen\u00eatre et regarder les gouttes. C\u2019est b\u00eate mais elle met un point d\u2019honneur \u00e0 enfiler ses chaussures de danseuse. Ses chaussures poss\u00e8dent le confort des chaussons et l\u2019\u00e9l\u00e9gance des escarpins. Surtout, elles lui rappellent son enfance. Quand elle \u00e9tait plus jeune, elle enfilait toujours ses chaussures magiques pour sortir se promener. Lors de ses balades, elle n\u2019avait pas peur de danser sauvagement et joyeusement entre les arbres du parc, en particulier les jours de pluie.<br \/>\nA l\u2019\u00e9poque, elle ne se doutait pas  \u00e0 quel point cette libert\u00e9 \u00e9tait pr\u00e9cieuse. Elle n\u2019imaginait pas qu\u2019elle ne la retrouverait peut-\u00eatre jamais.<br \/>\nMaintenant qu\u2019elle est devenue une femme, elle doit respecter les convenances. Si elle se mettait \u00e0 danser sous la pluie, on penserait imm\u00e9diatement qu\u2019elle est folle. Aussi, avec les ann\u00e9es, elle a appris \u00e0 \u00e9touffer son insouciance. Aujourd\u2019hui, elle se sent prisonni\u00e8re, coinc\u00e9e derri\u00e8re cette fen\u00eatre qui la s\u00e9pare chaque jour un peu plus de ses r\u00eaves d\u2019enfant.<br \/>\nPourtant, elle peut encore retrouver l\u2019insouciance.<br \/>\nIl suffirait de rajouter un brin de folie pour pimenter sa vie.<br \/>\nOsera-t-elle l\u2019assumer ?<\/p>\n","protected":false},"excerpt":{"rendered":"<p>Une estampe pour nous rappeler ce qu\u2019on oublie trop souvent : la libert\u00e9 se cache dans les gestes simples \u2014 oser r\u00eaver, ralentir, danser sous la pluie. Cette gravure c\u00e9l\u00e8bre l\u2019insouciance retrouv\u00e9e, celle qu\u2019on croyait perdue en grandissant. Une invitation \u00e0 se souvenir que la douceur est une forme de courage. 10 exemplaires Les jours [&hellip;]<\/p>\n","protected":false},"featured_media":6596,"template":"","meta":{"_acf_changed":false},"product_brand":[],"product_cat":[212,214,200],"product_tag":[],"class_list":{"0":"post-6600","1":"product","2":"type-product","3":"status-publish","4":"has-post-thumbnail","6":"product_cat-212","7":"product_cat-petit","8":"product_cat-portrait","10":"first","11":"instock","12":"shipping-taxable","13":"purchasable","14":"product-type-simple"},"acf":[],"_links":{"self":[{"href":"https:\/\/welcome-prints.com\/en\/wp-json\/wp\/v2\/product\/6600","targetHints":{"allow":["GET"]}}],"collection":[{"href":"https:\/\/welcome-prints.com\/en\/wp-json\/wp\/v2\/product"}],"about":[{"href":"https:\/\/welcome-prints.com\/en\/wp-json\/wp\/v2\/types\/product"}],"wp:featuredmedia":[{"embeddable":true,"href":"https:\/\/welcome-prints.com\/en\/wp-json\/wp\/v2\/media\/6596"}],"wp:attachment":[{"href":"https:\/\/welcome-prints.com\/en\/wp-json\/wp\/v2\/media?parent=6600"}],"wp:term":[{"taxonomy":"product_brand","embeddable":true,"href":"https:\/\/welcome-prints.com\/en\/wp-json\/wp\/v2\/product_brand?post=6600"},{"taxonomy":"product_cat","embeddable":true,"href":"https:\/\/welcome-prints.com\/en\/wp-json\/wp\/v2\/product_cat?post=6600"},{"taxonomy":"product_tag","embeddable":true,"href":"https:\/\/welcome-prints.com\/en\/wp-json\/wp\/v2\/product_tag?post=6600"}],"curies":[{"name":"wp","href":"https:\/\/api.w.org\/{rel}","templated":true}]}}