{"id":6558,"date":"2025-10-27T13:57:49","date_gmt":"2025-10-27T13:57:49","guid":{"rendered":"https:\/\/welcome-prints.com\/?post_type=product&#038;p=6558"},"modified":"2026-04-09T13:45:35","modified_gmt":"2026-04-09T13:45:35","slug":"le-samourai","status":"publish","type":"product","link":"https:\/\/welcome-prints.com\/en\/produit\/le-samourai\/","title":{"rendered":"le samoura\u00ef. d&#8217;apr\u00e8s Torii Kiyomitsu."},"content":{"rendered":"<p>Estampe n\u00b01 technique gravure sur rodo\u00efd. tir\u00e9e en 10 exemplaires sur papier Arches. aquawash Bleu de Prusse. Tirage m\u00e9canique sur presse.<\/p>\n","protected":false},"excerpt":{"rendered":"<p>Estampe n\u00b01 technique gravure sur rodo\u00efd. tir\u00e9e en 10 exemplaires sur papier Arches. aquawash Bleu de Prusse. Tirage m\u00e9canique sur presse.<\/p>\n","protected":false},"featured_media":6559,"template":"","meta":{"_acf_changed":false},"product_brand":[],"product_cat":[291,196,333,214,200,192],"product_tag":[],"class_list":{"0":"post-6558","1":"product","2":"type-product","3":"status-publish","4":"has-post-thumbnail","6":"product_cat-291","7":"product_cat-france","8":"product_cat-jean-clair","9":"product_cat-petit","10":"product_cat-portrait","11":"product_cat-un-artiste","13":"first","14":"instock","15":"shipping-taxable","16":"purchasable","17":"product-type-simple"},"acf":[],"_links":{"self":[{"href":"https:\/\/welcome-prints.com\/en\/wp-json\/wp\/v2\/product\/6558","targetHints":{"allow":["GET"]}}],"collection":[{"href":"https:\/\/welcome-prints.com\/en\/wp-json\/wp\/v2\/product"}],"about":[{"href":"https:\/\/welcome-prints.com\/en\/wp-json\/wp\/v2\/types\/product"}],"wp:featuredmedia":[{"embeddable":true,"href":"https:\/\/welcome-prints.com\/en\/wp-json\/wp\/v2\/media\/6559"}],"wp:attachment":[{"href":"https:\/\/welcome-prints.com\/en\/wp-json\/wp\/v2\/media?parent=6558"}],"wp:term":[{"taxonomy":"product_brand","embeddable":true,"href":"https:\/\/welcome-prints.com\/en\/wp-json\/wp\/v2\/product_brand?post=6558"},{"taxonomy":"product_cat","embeddable":true,"href":"https:\/\/welcome-prints.com\/en\/wp-json\/wp\/v2\/product_cat?post=6558"},{"taxonomy":"product_tag","embeddable":true,"href":"https:\/\/welcome-prints.com\/en\/wp-json\/wp\/v2\/product_tag?post=6558"}],"curies":[{"name":"wp","href":"https:\/\/api.w.org\/{rel}","templated":true}]}}