{"id":6541,"date":"2025-10-21T21:30:05","date_gmt":"2025-10-21T21:30:05","guid":{"rendered":"https:\/\/welcome-prints.com\/?post_type=product&#038;p=6541"},"modified":"2026-04-09T21:39:38","modified_gmt":"2026-04-09T21:39:38","slug":"fourmis-iii","status":"publish","type":"product","link":"https:\/\/welcome-prints.com\/en\/produit\/fourmis-iii\/","title":{"rendered":"Fourmis III"},"content":{"rendered":"<p>Gravure sur bois en deux couleurs.<br \/>\n9 exemplaires num\u00e9rot\u00e9s. Celui en vente est le num\u00e9ro 3.<br \/>\nImpression sur papier Arches 100% coton, 300 g\/m\u00b2.<\/p>\n","protected":false},"excerpt":{"rendered":"<p>Gravure sur bois en deux couleurs. 9 exemplaires num\u00e9rot\u00e9s. Celui en vente est le num\u00e9ro 3. Impression sur papier Arches 100% coton, 300 g\/m\u00b2.<\/p>\n","protected":false},"featured_media":6533,"template":"","meta":{"_acf_changed":false},"product_brand":[],"product_cat":[226,196,245,201,214,335,252],"product_tag":[],"class_list":{"0":"post-6541","1":"product","2":"type-product","3":"status-publish","4":"has-post-thumbnail","6":"product_cat-226","7":"product_cat-france","8":"product_cat-gravure-sur-bois","9":"product_cat-paysage","10":"product_cat-petit","11":"product_cat-sebastian-abbo","12":"product_cat-xylographie","14":"first","15":"instock","16":"sold-individually","17":"shipping-taxable","18":"purchasable","19":"product-type-simple"},"acf":[],"_links":{"self":[{"href":"https:\/\/welcome-prints.com\/en\/wp-json\/wp\/v2\/product\/6541","targetHints":{"allow":["GET"]}}],"collection":[{"href":"https:\/\/welcome-prints.com\/en\/wp-json\/wp\/v2\/product"}],"about":[{"href":"https:\/\/welcome-prints.com\/en\/wp-json\/wp\/v2\/types\/product"}],"wp:featuredmedia":[{"embeddable":true,"href":"https:\/\/welcome-prints.com\/en\/wp-json\/wp\/v2\/media\/6533"}],"wp:attachment":[{"href":"https:\/\/welcome-prints.com\/en\/wp-json\/wp\/v2\/media?parent=6541"}],"wp:term":[{"taxonomy":"product_brand","embeddable":true,"href":"https:\/\/welcome-prints.com\/en\/wp-json\/wp\/v2\/product_brand?post=6541"},{"taxonomy":"product_cat","embeddable":true,"href":"https:\/\/welcome-prints.com\/en\/wp-json\/wp\/v2\/product_cat?post=6541"},{"taxonomy":"product_tag","embeddable":true,"href":"https:\/\/welcome-prints.com\/en\/wp-json\/wp\/v2\/product_tag?post=6541"}],"curies":[{"name":"wp","href":"https:\/\/api.w.org\/{rel}","templated":true}]}}