{"id":6536,"date":"2025-10-21T21:02:54","date_gmt":"2025-10-21T21:02:54","guid":{"rendered":"https:\/\/welcome-prints.com\/?post_type=product&#038;p=6536"},"modified":"2026-04-09T21:39:28","modified_gmt":"2026-04-09T21:39:28","slug":"serenite","status":"publish","type":"product","link":"https:\/\/welcome-prints.com\/en\/produit\/serenite\/","title":{"rendered":"S\u00e9r\u00e9nit\u00e9"},"content":{"rendered":"<p>Linogravure en une couleur.<br \/>\n40 exemplaires num\u00e9rot\u00e9s. Celui en vente est le num\u00e9ro 4.<br \/>\nImpression sur papier Arches 100% coton, 300 g\/m\u00b2.<\/p>\n","protected":false},"excerpt":{"rendered":"<p>Linogravure en une couleur. 40 exemplaires num\u00e9rot\u00e9s. Celui en vente est le num\u00e9ro 4. Impression sur papier Arches 100% coton, 300 g\/m\u00b2.<\/p>\n","protected":false},"featured_media":6519,"template":"","meta":{"_acf_changed":false},"product_brand":[],"product_cat":[226,196,228,215,200,335],"product_tag":[],"class_list":{"0":"post-6536","1":"product","2":"type-product","3":"status-publish","4":"has-post-thumbnail","6":"product_cat-226","7":"product_cat-france","8":"product_cat-linogravure","9":"product_cat-moyen","10":"product_cat-portrait","11":"product_cat-sebastian-abbo","13":"first","14":"instock","15":"sold-individually","16":"shipping-taxable","17":"purchasable","18":"product-type-simple"},"acf":[],"_links":{"self":[{"href":"https:\/\/welcome-prints.com\/en\/wp-json\/wp\/v2\/product\/6536","targetHints":{"allow":["GET"]}}],"collection":[{"href":"https:\/\/welcome-prints.com\/en\/wp-json\/wp\/v2\/product"}],"about":[{"href":"https:\/\/welcome-prints.com\/en\/wp-json\/wp\/v2\/types\/product"}],"wp:featuredmedia":[{"embeddable":true,"href":"https:\/\/welcome-prints.com\/en\/wp-json\/wp\/v2\/media\/6519"}],"wp:attachment":[{"href":"https:\/\/welcome-prints.com\/en\/wp-json\/wp\/v2\/media?parent=6536"}],"wp:term":[{"taxonomy":"product_brand","embeddable":true,"href":"https:\/\/welcome-prints.com\/en\/wp-json\/wp\/v2\/product_brand?post=6536"},{"taxonomy":"product_cat","embeddable":true,"href":"https:\/\/welcome-prints.com\/en\/wp-json\/wp\/v2\/product_cat?post=6536"},{"taxonomy":"product_tag","embeddable":true,"href":"https:\/\/welcome-prints.com\/en\/wp-json\/wp\/v2\/product_tag?post=6536"}],"curies":[{"name":"wp","href":"https:\/\/api.w.org\/{rel}","templated":true}]}}