{"id":6535,"date":"2025-10-21T20:59:55","date_gmt":"2025-10-21T20:59:55","guid":{"rendered":"https:\/\/welcome-prints.com\/?post_type=product&#038;p=6535"},"modified":"2026-04-09T21:08:37","modified_gmt":"2026-04-09T21:08:37","slug":"fatigue","status":"publish","type":"product","link":"https:\/\/welcome-prints.com\/en\/produit\/fatigue\/","title":{"rendered":"Fatigu\u00e9"},"content":{"rendered":"<p>Linogravure en une couleur.<br \/>\n20 exemplaires num\u00e9rot\u00e9s. Celui en vente est le num\u00e9ro 3.<br \/>\nImpression sur papier Arches 100% coton, 300 g\/m\u00b2.<\/p>\n","protected":false},"excerpt":{"rendered":"<p>Linogravure en une couleur. 20 exemplaires num\u00e9rot\u00e9s. Celui en vente est le num\u00e9ro 3. Impression sur papier Arches 100% coton, 300 g\/m\u00b2.<\/p>\n","protected":false},"featured_media":6523,"template":"","meta":{"_acf_changed":false},"product_brand":[],"product_cat":[226,202,196,228,215,335],"product_tag":[],"class_list":{"0":"post-6535","1":"product","2":"type-product","3":"status-publish","4":"has-post-thumbnail","6":"product_cat-226","7":"product_cat-carre","8":"product_cat-france","9":"product_cat-linogravure","10":"product_cat-moyen","11":"product_cat-sebastian-abbo","13":"first","14":"instock","15":"sold-individually","16":"shipping-taxable","17":"purchasable","18":"product-type-simple"},"acf":[],"_links":{"self":[{"href":"https:\/\/welcome-prints.com\/en\/wp-json\/wp\/v2\/product\/6535","targetHints":{"allow":["GET"]}}],"collection":[{"href":"https:\/\/welcome-prints.com\/en\/wp-json\/wp\/v2\/product"}],"about":[{"href":"https:\/\/welcome-prints.com\/en\/wp-json\/wp\/v2\/types\/product"}],"wp:featuredmedia":[{"embeddable":true,"href":"https:\/\/welcome-prints.com\/en\/wp-json\/wp\/v2\/media\/6523"}],"wp:attachment":[{"href":"https:\/\/welcome-prints.com\/en\/wp-json\/wp\/v2\/media?parent=6535"}],"wp:term":[{"taxonomy":"product_brand","embeddable":true,"href":"https:\/\/welcome-prints.com\/en\/wp-json\/wp\/v2\/product_brand?post=6535"},{"taxonomy":"product_cat","embeddable":true,"href":"https:\/\/welcome-prints.com\/en\/wp-json\/wp\/v2\/product_cat?post=6535"},{"taxonomy":"product_tag","embeddable":true,"href":"https:\/\/welcome-prints.com\/en\/wp-json\/wp\/v2\/product_tag?post=6535"}],"curies":[{"name":"wp","href":"https:\/\/api.w.org\/{rel}","templated":true}]}}