{"id":6499,"date":"2025-10-21T14:57:50","date_gmt":"2025-10-21T14:57:50","guid":{"rendered":"https:\/\/welcome-prints.com\/produit\/oser-le-bonheur-pour-sauver-lespoir\/"},"modified":"2026-04-09T13:48:40","modified_gmt":"2026-04-09T13:48:40","slug":"oser-le-bonheur-pour-sauver-lespoir","status":"publish","type":"product","link":"https:\/\/welcome-prints.com\/en\/produit\/oser-le-bonheur-pour-sauver-lespoir\/","title":{"rendered":"Oser le bonheur pour sauver l&#8217;espoir"},"content":{"rendered":"<p>Cette gravure rend hommage \u00e0 Germaine Utter, muse et complice de Suzanne Valadon.<br \/>\n Assise \u00e0 la fen\u00eatre, elle incarne ce courage discret : celui d\u2019oser \u00eatre heureuse, m\u00eame quand le monde va mal.<br \/>\nAcqu\u00e9rir cette \u0153uvre, c\u2019est inviter chez soi un souffle de libert\u00e9 et de douceur, un rappel que le bonheur n\u2019est pas de l\u2019insouciance \u2014 c\u2019est un acte de r\u00e9sistance po\u00e9tique.<\/p>\n<p>10 exemplaires<\/p>\n","protected":false},"excerpt":{"rendered":"<p>Cette gravure rend hommage \u00e0 Germaine Utter, muse et complice de Suzanne Valadon. Assise \u00e0 la fen\u00eatre, elle incarne ce courage discret : celui d\u2019oser \u00eatre heureuse, m\u00eame quand le monde va mal. Acqu\u00e9rir cette \u0153uvre, c\u2019est inviter chez soi un souffle de libert\u00e9 et de douceur, un rappel que le bonheur n\u2019est pas de [&hellip;]<\/p>\n","protected":false},"featured_media":6495,"template":"","meta":{"_acf_changed":false},"product_brand":[],"product_cat":[226,196,241,228,214,200],"product_tag":[],"class_list":{"0":"post-6499","1":"product","2":"type-product","3":"status-publish","4":"has-post-thumbnail","6":"product_cat-226","7":"product_cat-france","8":"product_cat-laura-loriers","9":"product_cat-linogravure","10":"product_cat-petit","11":"product_cat-portrait","13":"first","14":"instock","15":"shipping-taxable","16":"purchasable","17":"product-type-simple"},"acf":[],"_links":{"self":[{"href":"https:\/\/welcome-prints.com\/en\/wp-json\/wp\/v2\/product\/6499","targetHints":{"allow":["GET"]}}],"collection":[{"href":"https:\/\/welcome-prints.com\/en\/wp-json\/wp\/v2\/product"}],"about":[{"href":"https:\/\/welcome-prints.com\/en\/wp-json\/wp\/v2\/types\/product"}],"wp:featuredmedia":[{"embeddable":true,"href":"https:\/\/welcome-prints.com\/en\/wp-json\/wp\/v2\/media\/6495"}],"wp:attachment":[{"href":"https:\/\/welcome-prints.com\/en\/wp-json\/wp\/v2\/media?parent=6499"}],"wp:term":[{"taxonomy":"product_brand","embeddable":true,"href":"https:\/\/welcome-prints.com\/en\/wp-json\/wp\/v2\/product_brand?post=6499"},{"taxonomy":"product_cat","embeddable":true,"href":"https:\/\/welcome-prints.com\/en\/wp-json\/wp\/v2\/product_cat?post=6499"},{"taxonomy":"product_tag","embeddable":true,"href":"https:\/\/welcome-prints.com\/en\/wp-json\/wp\/v2\/product_tag?post=6499"}],"curies":[{"name":"wp","href":"https:\/\/api.w.org\/{rel}","templated":true}]}}