{"id":6483,"date":"2025-10-21T12:54:14","date_gmt":"2025-10-21T12:54:14","guid":{"rendered":"https:\/\/welcome-prints.com\/?post_type=product&#038;p=6483"},"modified":"2026-04-09T18:22:11","modified_gmt":"2026-04-09T18:22:11","slug":"famille","status":"publish","type":"product","link":"https:\/\/welcome-prints.com\/en\/produit\/famille\/","title":{"rendered":"Famille"},"content":{"rendered":"<p>Gravure pointe s\u00e8che, rehauss\u00e9e avec de l&#8217;aquarelle.<br \/>\n25 exemplaires num\u00e9rot\u00e9s. Celui en vente est le num\u00e9ro 2.<br \/>\nImpression sur papier Arches 100% coton, 250 g\/m\u00b2.<\/p>\n","protected":false},"excerpt":{"rendered":"<p>Gravure pointe s\u00e8che, rehauss\u00e9e avec de l&#8217;aquarelle. 25 exemplaires num\u00e9rot\u00e9s. Celui en vente est le num\u00e9ro 2. Impression sur papier Arches 100% coton, 250 g\/m\u00b2.<\/p>\n","protected":false},"featured_media":6490,"template":"","meta":{"_acf_changed":false},"product_brand":[],"product_cat":[212,196,215,211,200,335],"product_tag":[],"class_list":{"0":"post-6483","1":"product","2":"type-product","3":"status-publish","4":"has-post-thumbnail","6":"product_cat-212","7":"product_cat-france","8":"product_cat-moyen","9":"product_cat-pointe-seche","10":"product_cat-portrait","11":"product_cat-sebastian-abbo","13":"first","14":"instock","15":"sold-individually","16":"shipping-taxable","17":"purchasable","18":"product-type-simple"},"acf":[],"_links":{"self":[{"href":"https:\/\/welcome-prints.com\/en\/wp-json\/wp\/v2\/product\/6483","targetHints":{"allow":["GET"]}}],"collection":[{"href":"https:\/\/welcome-prints.com\/en\/wp-json\/wp\/v2\/product"}],"about":[{"href":"https:\/\/welcome-prints.com\/en\/wp-json\/wp\/v2\/types\/product"}],"wp:featuredmedia":[{"embeddable":true,"href":"https:\/\/welcome-prints.com\/en\/wp-json\/wp\/v2\/media\/6490"}],"wp:attachment":[{"href":"https:\/\/welcome-prints.com\/en\/wp-json\/wp\/v2\/media?parent=6483"}],"wp:term":[{"taxonomy":"product_brand","embeddable":true,"href":"https:\/\/welcome-prints.com\/en\/wp-json\/wp\/v2\/product_brand?post=6483"},{"taxonomy":"product_cat","embeddable":true,"href":"https:\/\/welcome-prints.com\/en\/wp-json\/wp\/v2\/product_cat?post=6483"},{"taxonomy":"product_tag","embeddable":true,"href":"https:\/\/welcome-prints.com\/en\/wp-json\/wp\/v2\/product_tag?post=6483"}],"curies":[{"name":"wp","href":"https:\/\/api.w.org\/{rel}","templated":true}]}}