{"id":6479,"date":"2025-10-21T12:10:22","date_gmt":"2025-10-21T12:10:22","guid":{"rendered":"https:\/\/welcome-prints.com\/produit\/le-petit-prince\/"},"modified":"2026-04-09T17:33:27","modified_gmt":"2026-04-09T17:33:27","slug":"le-petit-prince","status":"publish","type":"product","link":"https:\/\/welcome-prints.com\/en\/produit\/le-petit-prince\/","title":{"rendered":"Le petit prince"},"content":{"rendered":"<p>Linogravure en deux couleurs.<br \/>\n20 exemplaires num\u00e9rot\u00e9s. Celui en vente est le num\u00e9ro 6.<br \/>\nImpression sur papier Canson Edition 100% coton, 250 g\/m\u00b2.<\/p>\n","protected":false},"excerpt":{"rendered":"<p>Linogravure en deux couleurs. 20 exemplaires num\u00e9rot\u00e9s. Celui en vente est le num\u00e9ro 6. Impression sur papier Canson Edition 100% coton, 250 g\/m\u00b2.<\/p>\n","protected":false},"featured_media":6477,"template":"","meta":{"_acf_changed":false},"product_brand":[],"product_cat":[225,196,228,215,201,335],"product_tag":[],"class_list":{"0":"post-6479","1":"product","2":"type-product","3":"status-publish","4":"has-post-thumbnail","6":"product_cat-225","7":"product_cat-france","8":"product_cat-linogravure","9":"product_cat-moyen","10":"product_cat-paysage","11":"product_cat-sebastian-abbo","13":"first","14":"instock","15":"sold-individually","16":"shipping-taxable","17":"purchasable","18":"product-type-simple"},"acf":[],"_links":{"self":[{"href":"https:\/\/welcome-prints.com\/en\/wp-json\/wp\/v2\/product\/6479","targetHints":{"allow":["GET"]}}],"collection":[{"href":"https:\/\/welcome-prints.com\/en\/wp-json\/wp\/v2\/product"}],"about":[{"href":"https:\/\/welcome-prints.com\/en\/wp-json\/wp\/v2\/types\/product"}],"wp:featuredmedia":[{"embeddable":true,"href":"https:\/\/welcome-prints.com\/en\/wp-json\/wp\/v2\/media\/6477"}],"wp:attachment":[{"href":"https:\/\/welcome-prints.com\/en\/wp-json\/wp\/v2\/media?parent=6479"}],"wp:term":[{"taxonomy":"product_brand","embeddable":true,"href":"https:\/\/welcome-prints.com\/en\/wp-json\/wp\/v2\/product_brand?post=6479"},{"taxonomy":"product_cat","embeddable":true,"href":"https:\/\/welcome-prints.com\/en\/wp-json\/wp\/v2\/product_cat?post=6479"},{"taxonomy":"product_tag","embeddable":true,"href":"https:\/\/welcome-prints.com\/en\/wp-json\/wp\/v2\/product_tag?post=6479"}],"curies":[{"name":"wp","href":"https:\/\/api.w.org\/{rel}","templated":true}]}}