{"id":6468,"date":"2025-10-16T09:38:21","date_gmt":"2025-10-16T09:38:21","guid":{"rendered":"https:\/\/welcome-prints.com\/produit\/les-artisans-de-la-beaute\/"},"modified":"2026-04-09T16:53:34","modified_gmt":"2026-04-09T16:53:34","slug":"les-artisans-de-la-beaute","status":"publish","type":"product","link":"https:\/\/welcome-prints.com\/en\/produit\/les-artisans-de-la-beaute\/","title":{"rendered":"Les artisans de la beaut\u00e9"},"content":{"rendered":"<p>Cette gravure rend hommage \u00e0 celles et ceux qui cr\u00e9ent pour redonner confiance, douceur et beaut\u00e9 au monde.<br \/>\nElle c\u00e9l\u00e8bre les mains qui r\u00e9parent, les c\u0153urs qui encouragent et les regards qui r\u00e9v\u00e8lent la lumi\u00e8re chez l\u2019autre.<br \/>\nUne \u0153uvre pour rappeler, chaque jour, qu\u2019on peut choisir sa vie \u2014 et la rendre belle. \u2728<\/p>\n<p>10 tirages.<\/p>\n<p>Elle adore vraiment son m\u00e9tier m\u00eame s\u2019il n\u2019est pas reconnu par son entourage issu de milieux bourgeois et intellectuels. <\/p>\n<p>Qu\u2019importe, Marie trouve qu\u2019il y a de la noblesse \u00e0 r\u00e9cup\u00e9rer des tissus chin\u00e9s du quotidien afin d\u2019embellir la vie des gens. <\/p>\n<p>Elle n\u2019a jamais eu honte d\u2019exercer un m\u00e9tier manuel, m\u00eame si elle n\u2019a jamais roul\u00e9 sur l\u2019or. <\/p>\n<p>Aujourd\u2019hui, elle s\u2019applique car elle veut faire plaisir \u00e0 Jeanne, cette petite fille tr\u00e8s jolie qui est venue confectionner une robe de bal. <\/p>\n<p>Il se trouve qu\u2019au gr\u00e9 des \u00e9changes, Marie a d\u00e9couvert qu\u2019elle se trouve complex\u00e9e par son physique en particulier sa poitrine et ses hanches trop g\u00e9n\u00e9reuses. <\/p>\n<p>Alors \u00e0 travers cet habit, Maria voudrait lui redonner confiance pour lui permettre de voir cette beaut\u00e9 qu\u2019elle n\u2019arrive pas \u00e0 percevoir.  <\/p>\n<p>Elle voudrait lui montrer qu\u2019il n\u2019y a rien de plus beau qu\u2019une femme qui croit qu\u2019elle peut choisir sa vie.<\/p>\n","protected":false},"excerpt":{"rendered":"<p>Cette gravure rend hommage \u00e0 celles et ceux qui cr\u00e9ent pour redonner confiance, douceur et beaut\u00e9 au monde. Elle c\u00e9l\u00e8bre les mains qui r\u00e9parent, les c\u0153urs qui encouragent et les regards qui r\u00e9v\u00e8lent la lumi\u00e8re chez l\u2019autre. Une \u0153uvre pour rappeler, chaque jour, qu\u2019on peut choisir sa vie \u2014 et la rendre belle. \u2728 10 [&hellip;]<\/p>\n","protected":false},"featured_media":6464,"template":"","meta":{"_acf_changed":false},"product_brand":[],"product_cat":[212,196,241,228,214,200],"product_tag":[],"class_list":{"0":"post-6468","1":"product","2":"type-product","3":"status-publish","4":"has-post-thumbnail","6":"product_cat-212","7":"product_cat-france","8":"product_cat-laura-loriers","9":"product_cat-linogravure","10":"product_cat-petit","11":"product_cat-portrait","13":"first","14":"instock","15":"shipping-taxable","16":"purchasable","17":"product-type-simple"},"acf":[],"_links":{"self":[{"href":"https:\/\/welcome-prints.com\/en\/wp-json\/wp\/v2\/product\/6468","targetHints":{"allow":["GET"]}}],"collection":[{"href":"https:\/\/welcome-prints.com\/en\/wp-json\/wp\/v2\/product"}],"about":[{"href":"https:\/\/welcome-prints.com\/en\/wp-json\/wp\/v2\/types\/product"}],"wp:featuredmedia":[{"embeddable":true,"href":"https:\/\/welcome-prints.com\/en\/wp-json\/wp\/v2\/media\/6464"}],"wp:attachment":[{"href":"https:\/\/welcome-prints.com\/en\/wp-json\/wp\/v2\/media?parent=6468"}],"wp:term":[{"taxonomy":"product_brand","embeddable":true,"href":"https:\/\/welcome-prints.com\/en\/wp-json\/wp\/v2\/product_brand?post=6468"},{"taxonomy":"product_cat","embeddable":true,"href":"https:\/\/welcome-prints.com\/en\/wp-json\/wp\/v2\/product_cat?post=6468"},{"taxonomy":"product_tag","embeddable":true,"href":"https:\/\/welcome-prints.com\/en\/wp-json\/wp\/v2\/product_tag?post=6468"}],"curies":[{"name":"wp","href":"https:\/\/api.w.org\/{rel}","templated":true}]}}