{"id":6463,"date":"2025-10-16T09:04:59","date_gmt":"2025-10-16T09:04:59","guid":{"rendered":"https:\/\/welcome-prints.com\/produit\/lautre-et-moi\/"},"modified":"2026-04-09T15:41:35","modified_gmt":"2026-04-09T15:41:35","slug":"lautre-et-moi","status":"publish","type":"product","link":"https:\/\/welcome-prints.com\/en\/produit\/lautre-et-moi\/","title":{"rendered":"L&#8217;autre et moi"},"content":{"rendered":"<p>Cette gravure c\u00e9l\u00e8bre celles et ceux qui marchent \u00e0 contre-courant, sans chercher \u00e0 se fondre dans le moule.<br \/>\nElle nous rappelle que la douceur peut \u00eatre une force, et que la diff\u00e9rence n\u2019est pas une faille \u2014 c\u2019est une lumi\u00e8re.<br \/>\nAccueillir cette \u0153uvre chez soi, c\u2019est c\u00e9l\u00e9brer la lenteur, la sensibilit\u00e9 et le courage d\u2019\u00eatre soi, envers et contre tout.<\/p>\n<p>Tir\u00e9e \u00e0 10 exemplaires<\/p>\n","protected":false},"excerpt":{"rendered":"<p>Cette gravure c\u00e9l\u00e8bre celles et ceux qui marchent \u00e0 contre-courant, sans chercher \u00e0 se fondre dans le moule. Elle nous rappelle que la douceur peut \u00eatre une force, et que la diff\u00e9rence n\u2019est pas une faille \u2014 c\u2019est une lumi\u00e8re. Accueillir cette \u0153uvre chez soi, c\u2019est c\u00e9l\u00e9brer la lenteur, la sensibilit\u00e9 et le courage d\u2019\u00eatre [&hellip;]<\/p>\n","protected":false},"featured_media":6461,"template":"","meta":{"_acf_changed":false},"product_brand":[],"product_cat":[226,196,241,228,214,200],"product_tag":[],"class_list":{"0":"post-6463","1":"product","2":"type-product","3":"status-publish","4":"has-post-thumbnail","6":"product_cat-226","7":"product_cat-france","8":"product_cat-laura-loriers","9":"product_cat-linogravure","10":"product_cat-petit","11":"product_cat-portrait","13":"first","14":"instock","15":"shipping-taxable","16":"purchasable","17":"product-type-simple"},"acf":[],"_links":{"self":[{"href":"https:\/\/welcome-prints.com\/en\/wp-json\/wp\/v2\/product\/6463","targetHints":{"allow":["GET"]}}],"collection":[{"href":"https:\/\/welcome-prints.com\/en\/wp-json\/wp\/v2\/product"}],"about":[{"href":"https:\/\/welcome-prints.com\/en\/wp-json\/wp\/v2\/types\/product"}],"wp:featuredmedia":[{"embeddable":true,"href":"https:\/\/welcome-prints.com\/en\/wp-json\/wp\/v2\/media\/6461"}],"wp:attachment":[{"href":"https:\/\/welcome-prints.com\/en\/wp-json\/wp\/v2\/media?parent=6463"}],"wp:term":[{"taxonomy":"product_brand","embeddable":true,"href":"https:\/\/welcome-prints.com\/en\/wp-json\/wp\/v2\/product_brand?post=6463"},{"taxonomy":"product_cat","embeddable":true,"href":"https:\/\/welcome-prints.com\/en\/wp-json\/wp\/v2\/product_cat?post=6463"},{"taxonomy":"product_tag","embeddable":true,"href":"https:\/\/welcome-prints.com\/en\/wp-json\/wp\/v2\/product_tag?post=6463"}],"curies":[{"name":"wp","href":"https:\/\/api.w.org\/{rel}","templated":true}]}}