{"id":6413,"date":"2025-10-23T15:48:35","date_gmt":"2025-10-23T15:48:35","guid":{"rendered":"https:\/\/welcome-prints.com\/?post_type=product&#038;p=6413"},"modified":"2026-04-09T15:41:40","modified_gmt":"2026-04-09T15:41:40","slug":"vue-du-mont-fuji","status":"publish","type":"product","link":"https:\/\/welcome-prints.com\/en\/produit\/vue-du-mont-fuji\/","title":{"rendered":"Vue du mont Fuji"},"content":{"rendered":"<p>Technique de linogravure \u00e0 plaque perdue. encre aquawash. tirage sur presse sur papier canson \u00e0 grain 160g.k \u00e9preuve n\u00b0 8 sur une \u00e9dition de 9 exemplaires.<\/p>\n","protected":false},"excerpt":{"rendered":"<p>Technique de linogravure \u00e0 plaque perdue. encre aquawash. tirage sur presse sur papier canson \u00e0 grain 160g.k \u00e9preuve n\u00b0 8 sur une \u00e9dition de 9 exemplaires.<\/p>\n","protected":false},"featured_media":6407,"template":"","meta":{"_acf_changed":false},"product_brand":[],"product_cat":[291,202,196,333,228,215,192],"product_tag":[],"class_list":{"0":"post-6413","1":"product","2":"type-product","3":"status-publish","4":"has-post-thumbnail","6":"product_cat-291","7":"product_cat-carre","8":"product_cat-france","9":"product_cat-jean-clair","10":"product_cat-linogravure","11":"product_cat-moyen","12":"product_cat-un-artiste","14":"first","15":"instock","16":"shipping-taxable","17":"purchasable","18":"product-type-simple"},"acf":[],"_links":{"self":[{"href":"https:\/\/welcome-prints.com\/en\/wp-json\/wp\/v2\/product\/6413","targetHints":{"allow":["GET"]}}],"collection":[{"href":"https:\/\/welcome-prints.com\/en\/wp-json\/wp\/v2\/product"}],"about":[{"href":"https:\/\/welcome-prints.com\/en\/wp-json\/wp\/v2\/types\/product"}],"wp:featuredmedia":[{"embeddable":true,"href":"https:\/\/welcome-prints.com\/en\/wp-json\/wp\/v2\/media\/6407"}],"wp:attachment":[{"href":"https:\/\/welcome-prints.com\/en\/wp-json\/wp\/v2\/media?parent=6413"}],"wp:term":[{"taxonomy":"product_brand","embeddable":true,"href":"https:\/\/welcome-prints.com\/en\/wp-json\/wp\/v2\/product_brand?post=6413"},{"taxonomy":"product_cat","embeddable":true,"href":"https:\/\/welcome-prints.com\/en\/wp-json\/wp\/v2\/product_cat?post=6413"},{"taxonomy":"product_tag","embeddable":true,"href":"https:\/\/welcome-prints.com\/en\/wp-json\/wp\/v2\/product_tag?post=6413"}],"curies":[{"name":"wp","href":"https:\/\/api.w.org\/{rel}","templated":true}]}}