{"id":6380,"date":"2025-10-12T11:12:20","date_gmt":"2025-10-12T11:12:20","guid":{"rendered":"https:\/\/welcome-prints.com\/produit\/a-lombre-des-marronniers\/"},"modified":"2026-05-06T12:02:18","modified_gmt":"2026-05-06T12:02:18","slug":"a-lombre-des-marronniers","status":"publish","type":"product","link":"https:\/\/welcome-prints.com\/en\/produit\/a-lombre-des-marronniers\/","title":{"rendered":"A l&#8217;ombre des marronniers"},"content":{"rendered":"<p>Exemplaire 4\/10<\/p>\n<p>Gravure sur gomme en onze pi\u00e8ces + aquarelle au mica (encres \u00e0 l&#8217;huile et papier Shiramine Select 110 g\/m\u00b2)<\/p>\n<p>Hommage au peintre nabi Maurice Denis, avec des promeneuses inspir\u00e9es de ses figures graciles et de son amour des marronniers de Saint-Germain-en-Laye, sa ville d&#8217;origine. Les petits fleurs peintes \u00e0 la main ajoutent de la brillance \u00e0 l&#8217;ensemble.<\/p>\n<p>Dans cette \u00e9dition compos\u00e9e de 10 exemplaires, chaque \u00e9preuve pr\u00e9sente d&#8217;infimes variations dans la position des \u00e9l\u00e9ments et la forme des fleurs peintes \u00e0 la main.<\/p>\n","protected":false},"excerpt":{"rendered":"<p>Exemplaire 4\/10 Gravure sur gomme en onze pi\u00e8ces + aquarelle au mica (encres \u00e0 l&#8217;huile et papier Shiramine Select 110 g\/m\u00b2) Hommage au peintre nabi Maurice Denis, avec des promeneuses inspir\u00e9es de ses figures graciles et de son amour des marronniers de Saint-Germain-en-Laye, sa ville d&#8217;origine. Les petits fleurs peintes \u00e0 la main ajoutent de [&hellip;]<\/p>\n","protected":false},"featured_media":6372,"template":"","meta":{"_acf_changed":false},"product_brand":[],"product_cat":[223,196,228,331,215,200],"product_tag":[],"class_list":{"0":"post-6380","1":"product","2":"type-product","3":"status-publish","4":"has-post-thumbnail","6":"product_cat-223","7":"product_cat-france","8":"product_cat-linogravure","9":"product_cat-moira-swann","10":"product_cat-moyen","11":"product_cat-portrait","13":"first","14":"instock","15":"shipping-taxable","16":"purchasable","17":"product-type-simple"},"acf":[],"_links":{"self":[{"href":"https:\/\/welcome-prints.com\/en\/wp-json\/wp\/v2\/product\/6380","targetHints":{"allow":["GET"]}}],"collection":[{"href":"https:\/\/welcome-prints.com\/en\/wp-json\/wp\/v2\/product"}],"about":[{"href":"https:\/\/welcome-prints.com\/en\/wp-json\/wp\/v2\/types\/product"}],"wp:featuredmedia":[{"embeddable":true,"href":"https:\/\/welcome-prints.com\/en\/wp-json\/wp\/v2\/media\/6372"}],"wp:attachment":[{"href":"https:\/\/welcome-prints.com\/en\/wp-json\/wp\/v2\/media?parent=6380"}],"wp:term":[{"taxonomy":"product_brand","embeddable":true,"href":"https:\/\/welcome-prints.com\/en\/wp-json\/wp\/v2\/product_brand?post=6380"},{"taxonomy":"product_cat","embeddable":true,"href":"https:\/\/welcome-prints.com\/en\/wp-json\/wp\/v2\/product_cat?post=6380"},{"taxonomy":"product_tag","embeddable":true,"href":"https:\/\/welcome-prints.com\/en\/wp-json\/wp\/v2\/product_tag?post=6380"}],"curies":[{"name":"wp","href":"https:\/\/api.w.org\/{rel}","templated":true}]}}