{"id":6369,"date":"2025-10-12T10:59:39","date_gmt":"2025-10-12T10:59:39","guid":{"rendered":"https:\/\/welcome-prints.com\/produit\/les-belles-au-petit-bois\/"},"modified":"2026-05-06T12:48:18","modified_gmt":"2026-05-06T12:48:18","slug":"les-belles-au-petit-bois","status":"publish","type":"product","link":"https:\/\/welcome-prints.com\/en\/produit\/les-belles-au-petit-bois\/","title":{"rendered":"Les Belles au petit bois"},"content":{"rendered":"<p>Exemplaire EV 2\/8<\/p>\n<p>Gravure sur gomme et petits tampons de gomme (encres \u00e0 l&#8217;huile et papier simili Japon 130 g\/m\u00b2)<\/p>\n<p>Dans les all\u00e9es de ce petit bois de c\u00e8dres flottant, plusieurs figures (humaines ou animales) issues du folklore japonais traditionnel, \u00e9voluent sans se voir : une rencontre fortuite, comme celle des jumelles du roman de Kawabata &#8220;Kyoto&#8221; aura-t-elle lieu dans ce bois de c\u00e8dres ? Les sc\u00e9narios sont d&#8217;autant plus nombreux que chaque gravure offre une combinaison de personnages diff\u00e9rente.<\/p>\n<p>Dans cette \u00e9dition limit\u00e9e \u00e0 8 exemplaire, chaque estampe pr\u00e9sente des variations au niveau des personnages choisis et de leur emplacement sur la feuille.<\/p>\n","protected":false},"excerpt":{"rendered":"<p>Exemplaire EV 2\/8 Gravure sur gomme et petits tampons de gomme (encres \u00e0 l&#8217;huile et papier simili Japon 130 g\/m\u00b2) Dans les all\u00e9es de ce petit bois de c\u00e8dres flottant, plusieurs figures (humaines ou animales) issues du folklore japonais traditionnel, \u00e9voluent sans se voir : une rencontre fortuite, comme celle des jumelles du roman de [&hellip;]<\/p>\n","protected":false},"featured_media":6360,"template":"","meta":{"_acf_changed":false},"product_brand":[],"product_cat":[226,196,228,331,215,200],"product_tag":[],"class_list":{"0":"post-6369","1":"product","2":"type-product","3":"status-publish","4":"has-post-thumbnail","6":"product_cat-226","7":"product_cat-france","8":"product_cat-linogravure","9":"product_cat-moira-swann","10":"product_cat-moyen","11":"product_cat-portrait","13":"first","14":"instock","15":"shipping-taxable","16":"purchasable","17":"product-type-simple"},"acf":[],"_links":{"self":[{"href":"https:\/\/welcome-prints.com\/en\/wp-json\/wp\/v2\/product\/6369","targetHints":{"allow":["GET"]}}],"collection":[{"href":"https:\/\/welcome-prints.com\/en\/wp-json\/wp\/v2\/product"}],"about":[{"href":"https:\/\/welcome-prints.com\/en\/wp-json\/wp\/v2\/types\/product"}],"wp:featuredmedia":[{"embeddable":true,"href":"https:\/\/welcome-prints.com\/en\/wp-json\/wp\/v2\/media\/6360"}],"wp:attachment":[{"href":"https:\/\/welcome-prints.com\/en\/wp-json\/wp\/v2\/media?parent=6369"}],"wp:term":[{"taxonomy":"product_brand","embeddable":true,"href":"https:\/\/welcome-prints.com\/en\/wp-json\/wp\/v2\/product_brand?post=6369"},{"taxonomy":"product_cat","embeddable":true,"href":"https:\/\/welcome-prints.com\/en\/wp-json\/wp\/v2\/product_cat?post=6369"},{"taxonomy":"product_tag","embeddable":true,"href":"https:\/\/welcome-prints.com\/en\/wp-json\/wp\/v2\/product_tag?post=6369"}],"curies":[{"name":"wp","href":"https:\/\/api.w.org\/{rel}","templated":true}]}}