{"id":6359,"date":"2025-10-12T10:51:08","date_gmt":"2025-10-12T10:51:08","guid":{"rendered":"https:\/\/welcome-prints.com\/produit\/cecilia\/"},"modified":"2026-05-06T14:07:00","modified_gmt":"2026-05-06T14:07:00","slug":"cecilia","status":"publish","type":"product","link":"https:\/\/welcome-prints.com\/en\/produit\/cecilia\/","title":{"rendered":"Cecilia"},"content":{"rendered":"<p>Exemplaire 6\/8<\/p>\n<p>Linogravure et gravure sur gomme en 1 bloc d\u00e9coup\u00e9 et imprim\u00e9 en r\u00e9duction et 1 bloc gaufr\u00e9 (encres \u00e0 l&#8217;huile et papier Bambou Select 170 g\/m\u00b2)<\/p>\n<p>Hommage aux peintres espagnols Raimundo de Madrazo y Garreta (le fr\u00e8re de Cecilia) et Mariano Fortuny i Marsal (l&#8217;\u00e9poux de Cecilia), \u00e0 partir d&#8217;un tableau \u00e0 quatre mains par ces derniers, lors d&#8217;un s\u00e9jour en Andalousie. Leur recette : une lumi\u00e8re vibrante et une \u00e9l\u00e9gance toute parisienne.<\/p>\n<p>Chaque estampe de cette petite \u00e9dition de 8 exemplaires comporte des viariations.<\/p>\n","protected":false},"excerpt":{"rendered":"<p>Exemplaire 6\/8 Linogravure et gravure sur gomme en 1 bloc d\u00e9coup\u00e9 et imprim\u00e9 en r\u00e9duction et 1 bloc gaufr\u00e9 (encres \u00e0 l&#8217;huile et papier Bambou Select 170 g\/m\u00b2) Hommage aux peintres espagnols Raimundo de Madrazo y Garreta (le fr\u00e8re de Cecilia) et Mariano Fortuny i Marsal (l&#8217;\u00e9poux de Cecilia), \u00e0 partir d&#8217;un tableau \u00e0 quatre [&hellip;]<\/p>\n","protected":false},"featured_media":6357,"template":"","meta":{"_acf_changed":false},"product_brand":[],"product_cat":[226,202,196,317,228,331,214],"product_tag":[],"class_list":{"0":"post-6359","1":"product","2":"type-product","3":"status-publish","4":"has-post-thumbnail","6":"product_cat-226","7":"product_cat-carre","8":"product_cat-france","9":"product_cat-gaufrage","10":"product_cat-linogravure","11":"product_cat-moira-swann","12":"product_cat-petit","14":"first","15":"instock","16":"shipping-taxable","17":"purchasable","18":"product-type-simple"},"acf":[],"_links":{"self":[{"href":"https:\/\/welcome-prints.com\/en\/wp-json\/wp\/v2\/product\/6359","targetHints":{"allow":["GET"]}}],"collection":[{"href":"https:\/\/welcome-prints.com\/en\/wp-json\/wp\/v2\/product"}],"about":[{"href":"https:\/\/welcome-prints.com\/en\/wp-json\/wp\/v2\/types\/product"}],"wp:featuredmedia":[{"embeddable":true,"href":"https:\/\/welcome-prints.com\/en\/wp-json\/wp\/v2\/media\/6357"}],"wp:attachment":[{"href":"https:\/\/welcome-prints.com\/en\/wp-json\/wp\/v2\/media?parent=6359"}],"wp:term":[{"taxonomy":"product_brand","embeddable":true,"href":"https:\/\/welcome-prints.com\/en\/wp-json\/wp\/v2\/product_brand?post=6359"},{"taxonomy":"product_cat","embeddable":true,"href":"https:\/\/welcome-prints.com\/en\/wp-json\/wp\/v2\/product_cat?post=6359"},{"taxonomy":"product_tag","embeddable":true,"href":"https:\/\/welcome-prints.com\/en\/wp-json\/wp\/v2\/product_tag?post=6359"}],"curies":[{"name":"wp","href":"https:\/\/api.w.org\/{rel}","templated":true}]}}