{"id":6346,"date":"2025-10-12T10:32:47","date_gmt":"2025-10-12T10:32:47","guid":{"rendered":"https:\/\/welcome-prints.com\/produit\/le-furisode-n3\/"},"modified":"2026-05-06T12:06:05","modified_gmt":"2026-05-06T12:06:05","slug":"le-furisode-n3","status":"publish","type":"product","link":"https:\/\/welcome-prints.com\/en\/produit\/le-furisode-n3\/","title":{"rendered":"Le Furisode (n\u00b03)"},"content":{"rendered":"<p>Exemplaire 17\/20<\/p>\n<p>Linogravure en 2 blocs imprim\u00e9s et 2 blocs gaufr\u00e9s (encres \u00e0 l&#8217;huile et papier Bambou Select 170 g\/m\u00b2)<\/p>\n<p>La premi\u00e8re version de cette estampe a re\u00e7u une mention honorable \u00e0 l&#8217;AIMPE (Awagami Internationl Miniature Print Exhibition) en 2023.<\/p>\n<p>La silhouette de cette jeune femme reprend celle de la belle japonaise du graveur Hirano Hakuho. Son kimono est magnifi\u00e9 par le gaufrage qui lui donne un aspect fragile, \u00e9l\u00e9gant et pr\u00e9cieux.<\/p>\n<p>Cette estampe est une r\u00e9\u00e9dition avec variation : la premi\u00e8re \u00e9dition pr\u00e9sentait un motif de feuilles de paulownia sur le kimono. Sur la seconde affichait des feuilles d&#8217;\u00e9rable. La pr\u00e9sente \u00e9dition arbore un motif de grues, de fleurs et de pins, symboles de long\u00e9vit\u00e9 et de bon augure.<\/p>\n","protected":false},"excerpt":{"rendered":"<p>Exemplaire 17\/20 Linogravure en 2 blocs imprim\u00e9s et 2 blocs gaufr\u00e9s (encres \u00e0 l&#8217;huile et papier Bambou Select 170 g\/m\u00b2) La premi\u00e8re version de cette estampe a re\u00e7u une mention honorable \u00e0 l&#8217;AIMPE (Awagami Internationl Miniature Print Exhibition) en 2023. La silhouette de cette jeune femme reprend celle de la belle japonaise du graveur Hirano [&hellip;]<\/p>\n","protected":false},"featured_media":6335,"template":"","meta":{"_acf_changed":false},"product_brand":[],"product_cat":[226,196,317,228,331,201,214],"product_tag":[],"class_list":{"0":"post-6346","1":"product","2":"type-product","3":"status-publish","4":"has-post-thumbnail","6":"product_cat-226","7":"product_cat-france","8":"product_cat-gaufrage","9":"product_cat-linogravure","10":"product_cat-moira-swann","11":"product_cat-paysage","12":"product_cat-petit","14":"first","15":"instock","16":"shipping-taxable","17":"purchasable","18":"product-type-simple"},"acf":[],"_links":{"self":[{"href":"https:\/\/welcome-prints.com\/en\/wp-json\/wp\/v2\/product\/6346","targetHints":{"allow":["GET"]}}],"collection":[{"href":"https:\/\/welcome-prints.com\/en\/wp-json\/wp\/v2\/product"}],"about":[{"href":"https:\/\/welcome-prints.com\/en\/wp-json\/wp\/v2\/types\/product"}],"wp:featuredmedia":[{"embeddable":true,"href":"https:\/\/welcome-prints.com\/en\/wp-json\/wp\/v2\/media\/6335"}],"wp:attachment":[{"href":"https:\/\/welcome-prints.com\/en\/wp-json\/wp\/v2\/media?parent=6346"}],"wp:term":[{"taxonomy":"product_brand","embeddable":true,"href":"https:\/\/welcome-prints.com\/en\/wp-json\/wp\/v2\/product_brand?post=6346"},{"taxonomy":"product_cat","embeddable":true,"href":"https:\/\/welcome-prints.com\/en\/wp-json\/wp\/v2\/product_cat?post=6346"},{"taxonomy":"product_tag","embeddable":true,"href":"https:\/\/welcome-prints.com\/en\/wp-json\/wp\/v2\/product_tag?post=6346"}],"curies":[{"name":"wp","href":"https:\/\/api.w.org\/{rel}","templated":true}]}}