{"id":6334,"date":"2025-10-12T10:11:03","date_gmt":"2025-10-12T10:11:03","guid":{"rendered":"https:\/\/welcome-prints.com\/produit\/arita\/"},"modified":"2026-05-06T11:12:43","modified_gmt":"2026-05-06T11:12:43","slug":"arita","status":"publish","type":"product","link":"https:\/\/welcome-prints.com\/en\/produit\/arita\/","title":{"rendered":"Arita"},"content":{"rendered":"<p>Exemplaire 13\/15<\/p>\n<p>Linogravure en 5 blocs imprim\u00e9s et 2 blocs gaufr\u00e9s (encres \u00e0 l&#8217;huile + papier Bambou Select 170 g\/m\u00b2)<\/p>\n<p>Hommage \u00e0 Arita, petit bourg japonais dont l&#8217;histoire est intrins\u00e8quement li\u00e9e \u00e0 la porcelaine puisque c&#8217;est l\u00e0 que la production de cette pr\u00e9cieuse c\u00e9ramique en bleu et blanc a d\u00e9but\u00e9, gr\u00e2ce au savoir-faire des potiers cor\u00e9ens qui y \u00e9taient install\u00e9s au 17e si\u00e8cle. Un floril\u00e8ge de porcelaines, dispos\u00e9es dans une profusion comparable \u00e0 celle de certaines boutiques d&#8217;antiquit\u00e9s &#8211; tout y est fragile et immobile, sauf un chat espi\u00e8gle, obnubil\u00e9 par le mouvement du furin&#8230; <\/p>\n<p>Cette \u00e9dition comprend 15 exemplaires tous l\u00e9g\u00e8rement diff\u00e9rents d&#8217;une \u00e9preuve \u00e0 l&#8217;autre compte tenu du proc\u00e9d\u00e9 enti\u00e8rement &#8220;fait main&#8221;.<\/p>\n","protected":false},"excerpt":{"rendered":"<p>Exemplaire 13\/15 Linogravure en 5 blocs imprim\u00e9s et 2 blocs gaufr\u00e9s (encres \u00e0 l&#8217;huile + papier Bambou Select 170 g\/m\u00b2) Hommage \u00e0 Arita, petit bourg japonais dont l&#8217;histoire est intrins\u00e8quement li\u00e9e \u00e0 la porcelaine puisque c&#8217;est l\u00e0 que la production de cette pr\u00e9cieuse c\u00e9ramique en bleu et blanc a d\u00e9but\u00e9, gr\u00e2ce au savoir-faire des potiers [&hellip;]<\/p>\n","protected":false},"featured_media":6324,"template":"","meta":{"_acf_changed":false},"product_brand":[],"product_cat":[291,196,317,228,331,215,200],"product_tag":[],"class_list":{"0":"post-6334","1":"product","2":"type-product","3":"status-publish","4":"has-post-thumbnail","6":"product_cat-291","7":"product_cat-france","8":"product_cat-gaufrage","9":"product_cat-linogravure","10":"product_cat-moira-swann","11":"product_cat-moyen","12":"product_cat-portrait","14":"first","15":"instock","16":"shipping-taxable","17":"purchasable","18":"product-type-simple"},"acf":[],"_links":{"self":[{"href":"https:\/\/welcome-prints.com\/en\/wp-json\/wp\/v2\/product\/6334","targetHints":{"allow":["GET"]}}],"collection":[{"href":"https:\/\/welcome-prints.com\/en\/wp-json\/wp\/v2\/product"}],"about":[{"href":"https:\/\/welcome-prints.com\/en\/wp-json\/wp\/v2\/types\/product"}],"wp:featuredmedia":[{"embeddable":true,"href":"https:\/\/welcome-prints.com\/en\/wp-json\/wp\/v2\/media\/6324"}],"wp:attachment":[{"href":"https:\/\/welcome-prints.com\/en\/wp-json\/wp\/v2\/media?parent=6334"}],"wp:term":[{"taxonomy":"product_brand","embeddable":true,"href":"https:\/\/welcome-prints.com\/en\/wp-json\/wp\/v2\/product_brand?post=6334"},{"taxonomy":"product_cat","embeddable":true,"href":"https:\/\/welcome-prints.com\/en\/wp-json\/wp\/v2\/product_cat?post=6334"},{"taxonomy":"product_tag","embeddable":true,"href":"https:\/\/welcome-prints.com\/en\/wp-json\/wp\/v2\/product_tag?post=6334"}],"curies":[{"name":"wp","href":"https:\/\/api.w.org\/{rel}","templated":true}]}}