{"id":6323,"date":"2025-10-12T09:55:52","date_gmt":"2025-10-12T09:55:52","guid":{"rendered":"https:\/\/welcome-prints.com\/produit\/les-lucioles-n2\/"},"modified":"2026-05-06T20:39:54","modified_gmt":"2026-05-06T20:39:54","slug":"les-lucioles-n2","status":"publish","type":"product","link":"https:\/\/welcome-prints.com\/en\/produit\/les-lucioles-n2\/","title":{"rendered":"Les Lucioles (n\u00b02)"},"content":{"rendered":"<p>Exemplaire 2\/20<\/p>\n<p>Gravure sur gomme en 2 blocs + feuille d&#8217;or (encres \u00e0 l&#8217;huile, papier Okawara Select 51 g\/m\u00b2, feuille d&#8217;or 16 carats)<\/p>\n<p>Une ombre chinoise&#8230; \u00e0 la japonaise. Derri\u00e8re une fine cloison de papier, la silhouette d&#8217;une geisha se d\u00e9tache dans l&#8217;obscurit\u00e9 gr\u00e2ce \u00e0 la lumi\u00e8re des lucioles emprisonn\u00e9es dans une petite cage. Cette estampe s&#8217;inscrit dans la tradition toute japonaise de fa\u00e7onner une esth\u00e9tique du subtil et du fugace, merveilleusement synth\u00e9tis\u00e9e dans l&#8217;ouvrage de Junichir\u00f4 Tanizaki : &#8220;Eloge de l&#8217;ombre&#8221;.<\/p>\n<p>Cette \u00e9dition compte 20 exemplaires qui offrent tous quelques variations au niveau du d\u00e9grad\u00e9, compte tenu du proc\u00e9d\u00e9 enti\u00e8rement &#8220;fait main&#8221;.<\/p>\n","protected":false},"excerpt":{"rendered":"<p>Exemplaire 2\/20 Gravure sur gomme en 2 blocs + feuille d&#8217;or (encres \u00e0 l&#8217;huile, papier Okawara Select 51 g\/m\u00b2, feuille d&#8217;or 16 carats) Une ombre chinoise&#8230; \u00e0 la japonaise. Derri\u00e8re une fine cloison de papier, la silhouette d&#8217;une geisha se d\u00e9tache dans l&#8217;obscurit\u00e9 gr\u00e2ce \u00e0 la lumi\u00e8re des lucioles emprisonn\u00e9es dans une petite cage. Cette [&hellip;]<\/p>\n","protected":false},"featured_media":6313,"template":"","meta":{"_acf_changed":false},"product_brand":[],"product_cat":[226,202,196,228,331,214],"product_tag":[],"class_list":{"0":"post-6323","1":"product","2":"type-product","3":"status-publish","4":"has-post-thumbnail","6":"product_cat-226","7":"product_cat-carre","8":"product_cat-france","9":"product_cat-linogravure","10":"product_cat-moira-swann","11":"product_cat-petit","13":"first","14":"instock","15":"shipping-taxable","16":"purchasable","17":"product-type-simple"},"acf":[],"_links":{"self":[{"href":"https:\/\/welcome-prints.com\/en\/wp-json\/wp\/v2\/product\/6323","targetHints":{"allow":["GET"]}}],"collection":[{"href":"https:\/\/welcome-prints.com\/en\/wp-json\/wp\/v2\/product"}],"about":[{"href":"https:\/\/welcome-prints.com\/en\/wp-json\/wp\/v2\/types\/product"}],"wp:featuredmedia":[{"embeddable":true,"href":"https:\/\/welcome-prints.com\/en\/wp-json\/wp\/v2\/media\/6313"}],"wp:attachment":[{"href":"https:\/\/welcome-prints.com\/en\/wp-json\/wp\/v2\/media?parent=6323"}],"wp:term":[{"taxonomy":"product_brand","embeddable":true,"href":"https:\/\/welcome-prints.com\/en\/wp-json\/wp\/v2\/product_brand?post=6323"},{"taxonomy":"product_cat","embeddable":true,"href":"https:\/\/welcome-prints.com\/en\/wp-json\/wp\/v2\/product_cat?post=6323"},{"taxonomy":"product_tag","embeddable":true,"href":"https:\/\/welcome-prints.com\/en\/wp-json\/wp\/v2\/product_tag?post=6323"}],"curies":[{"name":"wp","href":"https:\/\/api.w.org\/{rel}","templated":true}]}}