{"id":6312,"date":"2025-10-12T09:45:48","date_gmt":"2025-10-12T09:45:48","guid":{"rendered":"https:\/\/welcome-prints.com\/produit\/tea-time-rouge\/"},"modified":"2026-05-06T16:47:04","modified_gmt":"2026-05-06T16:47:04","slug":"tea-time-rouge","status":"publish","type":"product","link":"https:\/\/welcome-prints.com\/en\/produit\/tea-time-rouge\/","title":{"rendered":"Tea Time (rouge)"},"content":{"rendered":"<p>Exemplaire 1\/10<\/p>\n<p>Linogravure en 1 bloc imprim\u00e9 et 2 blocs gaufr\u00e9s + tampon en gomme (encres \u00e0 l&#8217;huile, bo\u00eetier encreur, papier Shiramine Select 110 g\/m\u00b2)<\/p>\n<p>Cette petite tasse ne poursuit aucun autre objectif que le plaisir des yeux&#8230; et des doigts, le gaufrage dotant cette estampe d&#8217;une dimension particuli\u00e8rement tactile, tout en simplicit\u00e9 et en \u00e9l\u00e9gance.<\/p>\n<p>Cette \u00e9dition comprend 10 exemplaires, tous subtilement diff\u00e9rents au niveau de la couleur du th\u00e9 contenant dans la tasse, compte tenu du proc\u00e9d\u00e9 enti\u00e8rement &#8220;fait-main&#8221;.<\/p>\n","protected":false},"excerpt":{"rendered":"<p>Exemplaire 1\/10 Linogravure en 1 bloc imprim\u00e9 et 2 blocs gaufr\u00e9s + tampon en gomme (encres \u00e0 l&#8217;huile, bo\u00eetier encreur, papier Shiramine Select 110 g\/m\u00b2) Cette petite tasse ne poursuit aucun autre objectif que le plaisir des yeux&#8230; et des doigts, le gaufrage dotant cette estampe d&#8217;une dimension particuli\u00e8rement tactile, tout en simplicit\u00e9 et en [&hellip;]<\/p>\n","protected":false},"featured_media":6310,"template":"","meta":{"_acf_changed":false},"product_brand":[],"product_cat":[291,202,196,317,228,331,214],"product_tag":[],"class_list":{"0":"post-6312","1":"product","2":"type-product","3":"status-publish","4":"has-post-thumbnail","6":"product_cat-291","7":"product_cat-carre","8":"product_cat-france","9":"product_cat-gaufrage","10":"product_cat-linogravure","11":"product_cat-moira-swann","12":"product_cat-petit","14":"first","15":"instock","16":"shipping-taxable","17":"purchasable","18":"product-type-simple"},"acf":[],"_links":{"self":[{"href":"https:\/\/welcome-prints.com\/en\/wp-json\/wp\/v2\/product\/6312","targetHints":{"allow":["GET"]}}],"collection":[{"href":"https:\/\/welcome-prints.com\/en\/wp-json\/wp\/v2\/product"}],"about":[{"href":"https:\/\/welcome-prints.com\/en\/wp-json\/wp\/v2\/types\/product"}],"wp:featuredmedia":[{"embeddable":true,"href":"https:\/\/welcome-prints.com\/en\/wp-json\/wp\/v2\/media\/6310"}],"wp:attachment":[{"href":"https:\/\/welcome-prints.com\/en\/wp-json\/wp\/v2\/media?parent=6312"}],"wp:term":[{"taxonomy":"product_brand","embeddable":true,"href":"https:\/\/welcome-prints.com\/en\/wp-json\/wp\/v2\/product_brand?post=6312"},{"taxonomy":"product_cat","embeddable":true,"href":"https:\/\/welcome-prints.com\/en\/wp-json\/wp\/v2\/product_cat?post=6312"},{"taxonomy":"product_tag","embeddable":true,"href":"https:\/\/welcome-prints.com\/en\/wp-json\/wp\/v2\/product_tag?post=6312"}],"curies":[{"name":"wp","href":"https:\/\/api.w.org\/{rel}","templated":true}]}}