{"id":6303,"date":"2025-10-12T09:33:36","date_gmt":"2025-10-12T09:33:36","guid":{"rendered":"https:\/\/welcome-prints.com\/produit\/la-glycine\/"},"modified":"2026-05-06T13:49:58","modified_gmt":"2026-05-06T13:49:58","slug":"la-glycine","status":"publish","type":"product","link":"https:\/\/welcome-prints.com\/en\/produit\/la-glycine\/","title":{"rendered":"La Glycine"},"content":{"rendered":"<p>Exemplaire 14\/20<\/p>\n<p>Gravure sur gomme en 4 blocs imprim\u00e9s et 1 bloc gaufr\u00e9 (encres \u00e0 l&#8217;huile, papier Bambou Select 170 g\/m\u00b2)<\/p>\n<p>Isol\u00e9e dans un \u00e9l\u00e9ment d&#8217;architecture japonaise traditionnel, une jeune beaut\u00e9 contemple la glycine en fleur, dans une lumi\u00e8re mauve \u00e0 la fois douce et apaisante. Un hommage au bijin-ga japonais, un genre de l&#8217;ukiyo-e consacr\u00e9 aux beaut\u00e9s f\u00e9minines.<\/p>\n<p>Cette \u00e9dition comprend 20 exemplaires qui pr\u00e9sentent d&#8217;infimes variations de l&#8217;un \u00e0 l&#8217;autre, en particulier au niveau du d\u00e9grad\u00e9 du fond, compte tenu du proc\u00e9d\u00e9 enti\u00e8rement &#8220;fait-main&#8221;.<\/p>\n","protected":false},"excerpt":{"rendered":"<p>Exemplaire 14\/20 Gravure sur gomme en 4 blocs imprim\u00e9s et 1 bloc gaufr\u00e9 (encres \u00e0 l&#8217;huile, papier Bambou Select 170 g\/m\u00b2) Isol\u00e9e dans un \u00e9l\u00e9ment d&#8217;architecture japonaise traditionnel, une jeune beaut\u00e9 contemple la glycine en fleur, dans une lumi\u00e8re mauve \u00e0 la fois douce et apaisante. Un hommage au bijin-ga japonais, un genre de l&#8217;ukiyo-e [&hellip;]<\/p>\n","protected":false},"featured_media":6293,"template":"","meta":{"_acf_changed":false},"product_brand":[],"product_cat":[226,202,196,317,228,331,214],"product_tag":[],"class_list":{"0":"post-6303","1":"product","2":"type-product","3":"status-publish","4":"has-post-thumbnail","6":"product_cat-226","7":"product_cat-carre","8":"product_cat-france","9":"product_cat-gaufrage","10":"product_cat-linogravure","11":"product_cat-moira-swann","12":"product_cat-petit","14":"first","15":"instock","16":"shipping-taxable","17":"purchasable","18":"product-type-simple"},"acf":[],"_links":{"self":[{"href":"https:\/\/welcome-prints.com\/en\/wp-json\/wp\/v2\/product\/6303","targetHints":{"allow":["GET"]}}],"collection":[{"href":"https:\/\/welcome-prints.com\/en\/wp-json\/wp\/v2\/product"}],"about":[{"href":"https:\/\/welcome-prints.com\/en\/wp-json\/wp\/v2\/types\/product"}],"wp:featuredmedia":[{"embeddable":true,"href":"https:\/\/welcome-prints.com\/en\/wp-json\/wp\/v2\/media\/6293"}],"wp:attachment":[{"href":"https:\/\/welcome-prints.com\/en\/wp-json\/wp\/v2\/media?parent=6303"}],"wp:term":[{"taxonomy":"product_brand","embeddable":true,"href":"https:\/\/welcome-prints.com\/en\/wp-json\/wp\/v2\/product_brand?post=6303"},{"taxonomy":"product_cat","embeddable":true,"href":"https:\/\/welcome-prints.com\/en\/wp-json\/wp\/v2\/product_cat?post=6303"},{"taxonomy":"product_tag","embeddable":true,"href":"https:\/\/welcome-prints.com\/en\/wp-json\/wp\/v2\/product_tag?post=6303"}],"curies":[{"name":"wp","href":"https:\/\/api.w.org\/{rel}","templated":true}]}}