{"id":6272,"date":"2025-10-09T12:58:41","date_gmt":"2025-10-09T12:58:41","guid":{"rendered":"https:\/\/welcome-prints.com\/produit\/tigre\/"},"modified":"2026-04-09T18:56:56","modified_gmt":"2026-04-09T18:56:56","slug":"tigre","status":"publish","type":"product","link":"https:\/\/welcome-prints.com\/en\/produit\/tigre\/","title":{"rendered":"Tigre"},"content":{"rendered":"<p>Linogravure sur papier cartonn\u00e9 kraft.<br \/>\nSign\u00e9e \u00e0 la main et num\u00e9rot\u00e9e.<\/p>\n","protected":false},"excerpt":{"rendered":"<p>Linogravure sur papier cartonn\u00e9 kraft. Sign\u00e9e \u00e0 la main et num\u00e9rot\u00e9e.<\/p>\n","protected":false},"featured_media":6270,"template":"","meta":{"_acf_changed":false},"product_brand":[],"product_cat":[291,330,196,228,215,200],"product_tag":[],"class_list":{"0":"post-6272","1":"product","2":"type-product","3":"status-publish","4":"has-post-thumbnail","6":"product_cat-291","7":"product_cat-anne-sophie-llobel","8":"product_cat-france","9":"product_cat-linogravure","10":"product_cat-moyen","11":"product_cat-portrait","13":"first","14":"instock","15":"shipping-taxable","16":"purchasable","17":"product-type-simple"},"acf":[],"_links":{"self":[{"href":"https:\/\/welcome-prints.com\/en\/wp-json\/wp\/v2\/product\/6272","targetHints":{"allow":["GET"]}}],"collection":[{"href":"https:\/\/welcome-prints.com\/en\/wp-json\/wp\/v2\/product"}],"about":[{"href":"https:\/\/welcome-prints.com\/en\/wp-json\/wp\/v2\/types\/product"}],"wp:featuredmedia":[{"embeddable":true,"href":"https:\/\/welcome-prints.com\/en\/wp-json\/wp\/v2\/media\/6270"}],"wp:attachment":[{"href":"https:\/\/welcome-prints.com\/en\/wp-json\/wp\/v2\/media?parent=6272"}],"wp:term":[{"taxonomy":"product_brand","embeddable":true,"href":"https:\/\/welcome-prints.com\/en\/wp-json\/wp\/v2\/product_brand?post=6272"},{"taxonomy":"product_cat","embeddable":true,"href":"https:\/\/welcome-prints.com\/en\/wp-json\/wp\/v2\/product_cat?post=6272"},{"taxonomy":"product_tag","embeddable":true,"href":"https:\/\/welcome-prints.com\/en\/wp-json\/wp\/v2\/product_tag?post=6272"}],"curies":[{"name":"wp","href":"https:\/\/api.w.org\/{rel}","templated":true}]}}