{"id":6264,"date":"2025-10-09T12:52:45","date_gmt":"2025-10-09T12:52:45","guid":{"rendered":"https:\/\/welcome-prints.com\/produit\/la-contrainte-sociale\/"},"modified":"2026-04-09T14:56:32","modified_gmt":"2026-04-09T14:56:32","slug":"la-contrainte-sociale","status":"publish","type":"product","link":"https:\/\/welcome-prints.com\/en\/produit\/la-contrainte-sociale\/","title":{"rendered":"La contrainte sociale"},"content":{"rendered":"<p>Linogravure en r\u00e9duction de couleurs, 10 couleurs<br \/>\nEncre \u00e0 l&#8217;huile sur papier 120g<br \/>\nLe num\u00e9ro \u00e0 vendre est le 6 sur 12.<br \/>\nEnvoi gratuit en France<\/p>\n","protected":false},"excerpt":{"rendered":"<p>Linogravure en r\u00e9duction de couleurs, 10 couleurs Encre \u00e0 l&#8217;huile sur papier 120g Le num\u00e9ro \u00e0 vendre est le 6 sur 12. Envoi gratuit en France<\/p>\n","protected":false},"featured_media":6258,"template":"","meta":{"_acf_changed":false},"product_brand":[],"product_cat":[225,330,196,228,215,200],"product_tag":[],"class_list":{"0":"post-6264","1":"product","2":"type-product","3":"status-publish","4":"has-post-thumbnail","6":"product_cat-225","7":"product_cat-anne-sophie-llobel","8":"product_cat-france","9":"product_cat-linogravure","10":"product_cat-moyen","11":"product_cat-portrait","13":"first","14":"instock","15":"shipping-taxable","16":"purchasable","17":"product-type-simple"},"acf":[],"_links":{"self":[{"href":"https:\/\/welcome-prints.com\/en\/wp-json\/wp\/v2\/product\/6264","targetHints":{"allow":["GET"]}}],"collection":[{"href":"https:\/\/welcome-prints.com\/en\/wp-json\/wp\/v2\/product"}],"about":[{"href":"https:\/\/welcome-prints.com\/en\/wp-json\/wp\/v2\/types\/product"}],"wp:featuredmedia":[{"embeddable":true,"href":"https:\/\/welcome-prints.com\/en\/wp-json\/wp\/v2\/media\/6258"}],"wp:attachment":[{"href":"https:\/\/welcome-prints.com\/en\/wp-json\/wp\/v2\/media?parent=6264"}],"wp:term":[{"taxonomy":"product_brand","embeddable":true,"href":"https:\/\/welcome-prints.com\/en\/wp-json\/wp\/v2\/product_brand?post=6264"},{"taxonomy":"product_cat","embeddable":true,"href":"https:\/\/welcome-prints.com\/en\/wp-json\/wp\/v2\/product_cat?post=6264"},{"taxonomy":"product_tag","embeddable":true,"href":"https:\/\/welcome-prints.com\/en\/wp-json\/wp\/v2\/product_tag?post=6264"}],"curies":[{"name":"wp","href":"https:\/\/api.w.org\/{rel}","templated":true}]}}