{"id":6256,"date":"2025-10-09T12:37:56","date_gmt":"2025-10-09T12:37:56","guid":{"rendered":"https:\/\/welcome-prints.com\/produit\/des-envies-devasions\/"},"modified":"2026-04-09T20:20:58","modified_gmt":"2026-04-09T20:20:58","slug":"des-envies-devasions","status":"publish","type":"product","link":"https:\/\/welcome-prints.com\/en\/produit\/des-envies-devasions\/","title":{"rendered":"Des envies d&#8217;\u00e9vasions"},"content":{"rendered":"<p>Gravure sur tetra pak et aquarelle<br \/>\nestampe sur papier 160g<br \/>\nChaque estampe de cette s\u00e9rie devient unique gr\u00e2ce \u00e0 l&#8217;ajout d&#8217;aquarelle.<br \/>\nEnvoi gratuit en France<\/p>\n","protected":false},"excerpt":{"rendered":"<p>Gravure sur tetra pak et aquarelle estampe sur papier 160g Chaque estampe de cette s\u00e9rie devient unique gr\u00e2ce \u00e0 l&#8217;ajout d&#8217;aquarelle. Envoi gratuit en France<\/p>\n","protected":false},"featured_media":6254,"template":"","meta":{"_acf_changed":false},"product_brand":[],"product_cat":[291,330,202,214,211],"product_tag":[],"class_list":{"0":"post-6256","1":"product","2":"type-product","3":"status-publish","4":"has-post-thumbnail","6":"product_cat-291","7":"product_cat-anne-sophie-llobel","8":"product_cat-carre","9":"product_cat-petit","10":"product_cat-pointe-seche","12":"first","13":"instock","14":"shipping-taxable","15":"purchasable","16":"product-type-simple"},"acf":[],"_links":{"self":[{"href":"https:\/\/welcome-prints.com\/en\/wp-json\/wp\/v2\/product\/6256","targetHints":{"allow":["GET"]}}],"collection":[{"href":"https:\/\/welcome-prints.com\/en\/wp-json\/wp\/v2\/product"}],"about":[{"href":"https:\/\/welcome-prints.com\/en\/wp-json\/wp\/v2\/types\/product"}],"wp:featuredmedia":[{"embeddable":true,"href":"https:\/\/welcome-prints.com\/en\/wp-json\/wp\/v2\/media\/6254"}],"wp:attachment":[{"href":"https:\/\/welcome-prints.com\/en\/wp-json\/wp\/v2\/media?parent=6256"}],"wp:term":[{"taxonomy":"product_brand","embeddable":true,"href":"https:\/\/welcome-prints.com\/en\/wp-json\/wp\/v2\/product_brand?post=6256"},{"taxonomy":"product_cat","embeddable":true,"href":"https:\/\/welcome-prints.com\/en\/wp-json\/wp\/v2\/product_cat?post=6256"},{"taxonomy":"product_tag","embeddable":true,"href":"https:\/\/welcome-prints.com\/en\/wp-json\/wp\/v2\/product_tag?post=6256"}],"curies":[{"name":"wp","href":"https:\/\/api.w.org\/{rel}","templated":true}]}}