{"id":6230,"date":"2025-10-08T08:56:51","date_gmt":"2025-10-08T08:56:51","guid":{"rendered":"https:\/\/welcome-prints.com\/produit\/castilla-e-leon\/"},"modified":"2026-04-23T09:05:11","modified_gmt":"2026-04-23T09:05:11","slug":"castilla-e-leon","status":"publish","type":"product","link":"https:\/\/welcome-prints.com\/en\/produit\/castilla-e-leon\/","title":{"rendered":"Castilla e Leon"},"content":{"rendered":"<p>Paysage, fen\u00eatre de train. Aquatinte et eau-forte sur cuivre, papier Hahnem\u00fchle 150g, \u00e9dition sur 30.<br \/>\nCette gravure repr\u00e9sente la r\u00e9gion de Castilla e L\u00e9on en Espagne, que je traverse depuis mon enfance pour aller au Portugal.<\/p>\n","protected":false},"excerpt":{"rendered":"<p>Paysage, fen\u00eatre de train. Aquatinte et eau-forte sur cuivre, papier Hahnem\u00fchle 150g, \u00e9dition sur 30. Cette gravure repr\u00e9sente la r\u00e9gion de Castilla e L\u00e9on en Espagne, que je traverse depuis mon enfance pour aller au Portugal.<\/p>\n","protected":false},"featured_media":6226,"template":"","meta":{"_acf_changed":false},"product_brand":[],"product_cat":[226,193,206,191,210,213,196,215,288,198,195,201,197],"product_tag":[],"class_list":{"0":"post-6230","1":"product","2":"type-product","3":"status-publish","4":"has-post-thumbnail","6":"product_cat-226","7":"product_cat-annees","8":"product_cat-aquatinte","9":"product_cat-artistes","10":"product_cat-eau-forte","11":"product_cat-format","12":"product_cat-france","13":"product_cat-moyen","14":"product_cat-nathalie-douillard","15":"product_cat-orientation","16":"product_cat-pays","17":"product_cat-paysage","18":"product_cat-technique","20":"first","21":"instock","22":"shipping-taxable","23":"purchasable","24":"product-type-simple"},"acf":[],"_links":{"self":[{"href":"https:\/\/welcome-prints.com\/en\/wp-json\/wp\/v2\/product\/6230","targetHints":{"allow":["GET"]}}],"collection":[{"href":"https:\/\/welcome-prints.com\/en\/wp-json\/wp\/v2\/product"}],"about":[{"href":"https:\/\/welcome-prints.com\/en\/wp-json\/wp\/v2\/types\/product"}],"wp:featuredmedia":[{"embeddable":true,"href":"https:\/\/welcome-prints.com\/en\/wp-json\/wp\/v2\/media\/6226"}],"wp:attachment":[{"href":"https:\/\/welcome-prints.com\/en\/wp-json\/wp\/v2\/media?parent=6230"}],"wp:term":[{"taxonomy":"product_brand","embeddable":true,"href":"https:\/\/welcome-prints.com\/en\/wp-json\/wp\/v2\/product_brand?post=6230"},{"taxonomy":"product_cat","embeddable":true,"href":"https:\/\/welcome-prints.com\/en\/wp-json\/wp\/v2\/product_cat?post=6230"},{"taxonomy":"product_tag","embeddable":true,"href":"https:\/\/welcome-prints.com\/en\/wp-json\/wp\/v2\/product_tag?post=6230"}],"curies":[{"name":"wp","href":"https:\/\/api.w.org\/{rel}","templated":true}]}}