{"id":6222,"date":"2025-10-08T08:45:11","date_gmt":"2025-10-08T08:45:11","guid":{"rendered":"https:\/\/welcome-prints.com\/produit\/semaphore\/"},"modified":"2026-04-17T14:00:05","modified_gmt":"2026-04-17T14:00:05","slug":"semaphore","status":"publish","type":"product","link":"https:\/\/welcome-prints.com\/en\/produit\/semaphore\/","title":{"rendered":"S\u00e9maphore"},"content":{"rendered":"<p>Passag\u00e8res, endormie, nuit, fen\u00eatre de train, paysage nocturne, objets en apesanteur. Aquatinte sur cuivre, 2025, papier Hahnem\u00fchle 150g, \u00e9dition sur 30.<br \/>\n&#8220;Le train traversant \u00e0 vive allure la campagne endormie, seul les signaux fugaces du s\u00e9maphore ponctuaient notre longue et paresseuse attente&#8230;&#8221;<\/p>\n","protected":false},"excerpt":{"rendered":"<p>Passag\u00e8res, endormie, nuit, fen\u00eatre de train, paysage nocturne, objets en apesanteur. Aquatinte sur cuivre, 2025, papier Hahnem\u00fchle 150g, \u00e9dition sur 30. &#8220;Le train traversant \u00e0 vive allure la campagne endormie, seul les signaux fugaces du s\u00e9maphore ponctuaient notre longue et paresseuse attente&#8230;&#8221;<\/p>\n","protected":false},"featured_media":6210,"template":"","meta":{"_acf_changed":false},"product_brand":[],"product_cat":[291,193,206,191,213,196,215,288,198,195,201,197],"product_tag":[],"class_list":{"0":"post-6222","1":"product","2":"type-product","3":"status-publish","4":"has-post-thumbnail","6":"product_cat-291","7":"product_cat-annees","8":"product_cat-aquatinte","9":"product_cat-artistes","10":"product_cat-format","11":"product_cat-france","12":"product_cat-moyen","13":"product_cat-nathalie-douillard","14":"product_cat-orientation","15":"product_cat-pays","16":"product_cat-paysage","17":"product_cat-technique","19":"first","20":"instock","21":"shipping-taxable","22":"purchasable","23":"product-type-simple"},"acf":[],"_links":{"self":[{"href":"https:\/\/welcome-prints.com\/en\/wp-json\/wp\/v2\/product\/6222","targetHints":{"allow":["GET"]}}],"collection":[{"href":"https:\/\/welcome-prints.com\/en\/wp-json\/wp\/v2\/product"}],"about":[{"href":"https:\/\/welcome-prints.com\/en\/wp-json\/wp\/v2\/types\/product"}],"wp:featuredmedia":[{"embeddable":true,"href":"https:\/\/welcome-prints.com\/en\/wp-json\/wp\/v2\/media\/6210"}],"wp:attachment":[{"href":"https:\/\/welcome-prints.com\/en\/wp-json\/wp\/v2\/media?parent=6222"}],"wp:term":[{"taxonomy":"product_brand","embeddable":true,"href":"https:\/\/welcome-prints.com\/en\/wp-json\/wp\/v2\/product_brand?post=6222"},{"taxonomy":"product_cat","embeddable":true,"href":"https:\/\/welcome-prints.com\/en\/wp-json\/wp\/v2\/product_cat?post=6222"},{"taxonomy":"product_tag","embeddable":true,"href":"https:\/\/welcome-prints.com\/en\/wp-json\/wp\/v2\/product_tag?post=6222"}],"curies":[{"name":"wp","href":"https:\/\/api.w.org\/{rel}","templated":true}]}}