{"id":6216,"date":"2025-10-08T08:36:35","date_gmt":"2025-10-08T08:36:35","guid":{"rendered":"https:\/\/welcome-prints.com\/produit\/aparte\/"},"modified":"2026-04-17T12:36:41","modified_gmt":"2026-04-17T12:36:41","slug":"aparte","status":"publish","type":"product","link":"https:\/\/welcome-prints.com\/en\/produit\/aparte\/","title":{"rendered":"Apart\u00e9"},"content":{"rendered":"<p>Train de nuit, couloir, couple, passagers, quai de gare la nuit. Aquatinte sur cuivre, matrice 20 x 30 cm, papier Hahnem\u00fchle 230g 30 x 40 cm, \u00e9dition sur 30<br \/>\nApart\u00e9 est une gravure comportant trois volets. Dans un wagon, de nuit, les reflets de lumi\u00e8re obligent le regard du spectateur \u00e0 se promener entre le couple dans une cabine, la silhouette quittant le wagon et le quai de gare \u00e0 peine \u00e9clair\u00e9.<br \/>\nCette gravure est travaill\u00e9e au brunissoir sur une aquatinte sur cuivre comme La contemplative, me permettant des clair\/obscur et des jeux de lumi\u00e8re.<br \/>\nLa fen\u00eatre de train m&#8217;offre la possibilit\u00e9 de jouer avec des sc\u00e8nes \u00e0 l\u2019int\u00e9rieur du compartiment et \u00e0 l\u2019ext\u00e9rieur. Un dialogue s\u2019installe entre le spectateur, le passager et le paysage dans un d\u00e9sir de parcourir l\u2019inaccessible entre solitude et promiscuit\u00e9.<br \/>\nMon processus de cr\u00e9ation puise dans mes souvenirs de voyages et mes lectures, prenant forme dans ses carnets de dessin. La gravure vient pr\u00e9ciser l\u2019imaginaire, prolongeant le voyage de l\u2019\u0153uvre \u00e0 plusieurs endroits simultan\u00e9ment du fait de son caract\u00e8re multiple.<\/p>\n","protected":false},"excerpt":{"rendered":"<p>Train de nuit, couloir, couple, passagers, quai de gare la nuit. Aquatinte sur cuivre, matrice 20 x 30 cm, papier Hahnem\u00fchle 230g 30 x 40 cm, \u00e9dition sur 30 Apart\u00e9 est une gravure comportant trois volets. Dans un wagon, de nuit, les reflets de lumi\u00e8re obligent le regard du spectateur \u00e0 se promener entre le [&hellip;]<\/p>\n","protected":false},"featured_media":6214,"template":"","meta":{"_acf_changed":false},"product_brand":[],"product_cat":[291,193,206,191,213,196,215,288,201],"product_tag":[],"class_list":{"0":"post-6216","1":"product","2":"type-product","3":"status-publish","4":"has-post-thumbnail","6":"product_cat-291","7":"product_cat-annees","8":"product_cat-aquatinte","9":"product_cat-artistes","10":"product_cat-format","11":"product_cat-france","12":"product_cat-moyen","13":"product_cat-nathalie-douillard","14":"product_cat-paysage","16":"first","17":"instock","18":"shipping-taxable","19":"purchasable","20":"product-type-simple"},"acf":[],"_links":{"self":[{"href":"https:\/\/welcome-prints.com\/en\/wp-json\/wp\/v2\/product\/6216","targetHints":{"allow":["GET"]}}],"collection":[{"href":"https:\/\/welcome-prints.com\/en\/wp-json\/wp\/v2\/product"}],"about":[{"href":"https:\/\/welcome-prints.com\/en\/wp-json\/wp\/v2\/types\/product"}],"wp:featuredmedia":[{"embeddable":true,"href":"https:\/\/welcome-prints.com\/en\/wp-json\/wp\/v2\/media\/6214"}],"wp:attachment":[{"href":"https:\/\/welcome-prints.com\/en\/wp-json\/wp\/v2\/media?parent=6216"}],"wp:term":[{"taxonomy":"product_brand","embeddable":true,"href":"https:\/\/welcome-prints.com\/en\/wp-json\/wp\/v2\/product_brand?post=6216"},{"taxonomy":"product_cat","embeddable":true,"href":"https:\/\/welcome-prints.com\/en\/wp-json\/wp\/v2\/product_cat?post=6216"},{"taxonomy":"product_tag","embeddable":true,"href":"https:\/\/welcome-prints.com\/en\/wp-json\/wp\/v2\/product_tag?post=6216"}],"curies":[{"name":"wp","href":"https:\/\/api.w.org\/{rel}","templated":true}]}}