{"id":6201,"date":"2025-10-07T18:38:26","date_gmt":"2025-10-07T18:38:26","guid":{"rendered":"https:\/\/welcome-prints.com\/?post_type=product&#038;p=6201"},"modified":"2026-05-06T16:03:00","modified_gmt":"2026-05-06T16:03:00","slug":"brocart","status":"publish","type":"product","link":"https:\/\/welcome-prints.com\/en\/produit\/brocart\/","title":{"rendered":"Brocart"},"content":{"rendered":"<p>Exemplaire 9\/15<\/p>\n<p>Linogravure en 2 blocs + broderie (encres \u00e0 l&#8217;huile, papier Shiramine Select 110 g\/m\u00b2, fil \u00e0 broder Diamant DMC)<\/p>\n<p>Omnipr\u00e9sent dans la culture japonaise, le pin est un symbole de bon augure et de long\u00e9vit\u00e9. Ce motif, qui se pr\u00eate \u00e0 d&#8217;infinies variations variations, est ici brod\u00e9 de fil d&#8217;or qui conf\u00e8re \u00e0 cette estampe une dimension d\u00e9corative et pr\u00e9cieuse, en allusion aux riches kimonos brod\u00e9s.<\/p>\n<p>Cette \u00e9dition comprend 15 exemplaires qui pr\u00e9sentent quelques variations de l\u2019un \u00e0 l\u2019autre, compte tenu du proc\u00e9d\u00e9 enti\u00e8rement \u00ab fait main \u00bb.<\/p>\n","protected":false},"excerpt":{"rendered":"<p>Exemplaire 9\/15 Linogravure en 2 blocs + broderie (encres \u00e0 l&#8217;huile, papier Shiramine Select 110 g\/m\u00b2, fil \u00e0 broder Diamant DMC) Omnipr\u00e9sent dans la culture japonaise, le pin est un symbole de bon augure et de long\u00e9vit\u00e9. Ce motif, qui se pr\u00eate \u00e0 d&#8217;infinies variations variations, est ici brod\u00e9 de fil d&#8217;or qui conf\u00e8re \u00e0 [&hellip;]<\/p>\n","protected":false},"featured_media":6191,"template":"","meta":{"_acf_changed":false},"product_brand":[],"product_cat":[226,202,196,228,331,214],"product_tag":[],"class_list":{"0":"post-6201","1":"product","2":"type-product","3":"status-publish","4":"has-post-thumbnail","6":"product_cat-226","7":"product_cat-carre","8":"product_cat-france","9":"product_cat-linogravure","10":"product_cat-moira-swann","11":"product_cat-petit","13":"first","14":"instock","15":"shipping-taxable","16":"purchasable","17":"product-type-simple"},"acf":[],"_links":{"self":[{"href":"https:\/\/welcome-prints.com\/en\/wp-json\/wp\/v2\/product\/6201","targetHints":{"allow":["GET"]}}],"collection":[{"href":"https:\/\/welcome-prints.com\/en\/wp-json\/wp\/v2\/product"}],"about":[{"href":"https:\/\/welcome-prints.com\/en\/wp-json\/wp\/v2\/types\/product"}],"wp:featuredmedia":[{"embeddable":true,"href":"https:\/\/welcome-prints.com\/en\/wp-json\/wp\/v2\/media\/6191"}],"wp:attachment":[{"href":"https:\/\/welcome-prints.com\/en\/wp-json\/wp\/v2\/media?parent=6201"}],"wp:term":[{"taxonomy":"product_brand","embeddable":true,"href":"https:\/\/welcome-prints.com\/en\/wp-json\/wp\/v2\/product_brand?post=6201"},{"taxonomy":"product_cat","embeddable":true,"href":"https:\/\/welcome-prints.com\/en\/wp-json\/wp\/v2\/product_cat?post=6201"},{"taxonomy":"product_tag","embeddable":true,"href":"https:\/\/welcome-prints.com\/en\/wp-json\/wp\/v2\/product_tag?post=6201"}],"curies":[{"name":"wp","href":"https:\/\/api.w.org\/{rel}","templated":true}]}}