{"id":6182,"date":"2025-10-05T17:17:25","date_gmt":"2025-10-05T17:17:25","guid":{"rendered":"https:\/\/welcome-prints.com\/?post_type=product&#038;p=6182"},"modified":"2026-05-06T11:59:45","modified_gmt":"2026-05-06T11:59:45","slug":"awa-odori","status":"publish","type":"product","link":"https:\/\/welcome-prints.com\/en\/produit\/awa-odori\/","title":{"rendered":"Awa-Odori"},"content":{"rendered":"<p>Exemplaire 19\/20<\/p>\n<p>Linogravure en 2 blocs imprim\u00e9s et 1 bloc gaufr\u00e9 + broderie (encres \u00e0 l&#8217;huile, papier Shiramine Select 110 g\/m\u00b2, fil \u00e0 broder DMC)<\/p>\n<p>C\u00e9l\u00e8bre festival de danse japonais, l&#8217;Awa-Odori de Tokushima voit d\u00e9filer des myriades de danseuses qui portent fi\u00e8rement l&#8217;amigasa, un chapeau de paille traditionnel savamment attach\u00e9 sur la t\u00eate qui leur donne une allure \u00e0 la fois champ\u00eatre et myst\u00e9rieuse. Gaufr\u00e9 et brod\u00e9, l&#8217;amigasa est le v\u00e9ritable sujet de cette gravure.<\/p>\n<p>Cette \u00e9dition comprend 20 exemplaires qui pr\u00e9sentent quelques variations de l&#8217;un \u00e0 l&#8217;autre, compte tenu du proc\u00e9d\u00e9 enti\u00e8rement &#8220;fait main&#8221;.<\/p>\n","protected":false},"excerpt":{"rendered":"<p>Exemplaire 19\/20 Linogravure en 2 blocs imprim\u00e9s et 1 bloc gaufr\u00e9 + broderie (encres \u00e0 l&#8217;huile, papier Shiramine Select 110 g\/m\u00b2, fil \u00e0 broder DMC) C\u00e9l\u00e8bre festival de danse japonais, l&#8217;Awa-Odori de Tokushima voit d\u00e9filer des myriades de danseuses qui portent fi\u00e8rement l&#8217;amigasa, un chapeau de paille traditionnel savamment attach\u00e9 sur la t\u00eate qui leur [&hellip;]<\/p>\n","protected":false},"featured_media":6172,"template":"","meta":{"_acf_changed":false},"product_brand":[],"product_cat":[291,196,317,228,331,214,200],"product_tag":[],"class_list":{"0":"post-6182","1":"product","2":"type-product","3":"status-publish","4":"has-post-thumbnail","6":"product_cat-291","7":"product_cat-france","8":"product_cat-gaufrage","9":"product_cat-linogravure","10":"product_cat-moira-swann","11":"product_cat-petit","12":"product_cat-portrait","14":"first","15":"instock","16":"shipping-taxable","17":"purchasable","18":"product-type-simple"},"acf":[],"_links":{"self":[{"href":"https:\/\/welcome-prints.com\/en\/wp-json\/wp\/v2\/product\/6182","targetHints":{"allow":["GET"]}}],"collection":[{"href":"https:\/\/welcome-prints.com\/en\/wp-json\/wp\/v2\/product"}],"about":[{"href":"https:\/\/welcome-prints.com\/en\/wp-json\/wp\/v2\/types\/product"}],"wp:featuredmedia":[{"embeddable":true,"href":"https:\/\/welcome-prints.com\/en\/wp-json\/wp\/v2\/media\/6172"}],"wp:attachment":[{"href":"https:\/\/welcome-prints.com\/en\/wp-json\/wp\/v2\/media?parent=6182"}],"wp:term":[{"taxonomy":"product_brand","embeddable":true,"href":"https:\/\/welcome-prints.com\/en\/wp-json\/wp\/v2\/product_brand?post=6182"},{"taxonomy":"product_cat","embeddable":true,"href":"https:\/\/welcome-prints.com\/en\/wp-json\/wp\/v2\/product_cat?post=6182"},{"taxonomy":"product_tag","embeddable":true,"href":"https:\/\/welcome-prints.com\/en\/wp-json\/wp\/v2\/product_tag?post=6182"}],"curies":[{"name":"wp","href":"https:\/\/api.w.org\/{rel}","templated":true}]}}