{"id":6147,"date":"2025-10-05T10:51:55","date_gmt":"2025-10-05T10:51:55","guid":{"rendered":"https:\/\/welcome-prints.com\/produit\/la-fete-des-masques\/"},"modified":"2026-04-09T23:14:52","modified_gmt":"2026-04-09T23:14:52","slug":"la-fete-des-masques","status":"publish","type":"product","link":"https:\/\/welcome-prints.com\/en\/produit\/la-fete-des-masques\/","title":{"rendered":"La f\u00eate des masques"},"content":{"rendered":"<p>Oeuvre grav\u00e9e \u00e0 l&#8217;eau forte<br \/>\nImpression Atelier Moret, Paris<br \/>\nExemplaires avec papier chine(papier tr\u00e8s fin coll\u00e9 au moment de l&#8217;impression),<br \/>\nExemplaires rehauss\u00e9s \u00e0 l&#8217;aquarelle, voir photos.<br \/>\n10 exemplaires disponibles avec chine coll\u00e9<br \/>\n10 exemplaires rehauss\u00e9s disponibles<\/p>\n","protected":false},"excerpt":{"rendered":"<p>Oeuvre grav\u00e9e \u00e0 l&#8217;eau forte Impression Atelier Moret, Paris Exemplaires avec papier chine(papier tr\u00e8s fin coll\u00e9 au moment de l&#8217;impression), Exemplaires rehauss\u00e9s \u00e0 l&#8217;aquarelle, voir photos. 10 exemplaires disponibles avec chine coll\u00e9 10 exemplaires rehauss\u00e9s disponibles<\/p>\n","protected":false},"featured_media":6145,"template":"","meta":{"_acf_changed":false},"product_brand":[],"product_cat":[224,210,196,215,201,248],"product_tag":[],"class_list":{"0":"post-6147","1":"product","2":"type-product","3":"status-publish","4":"has-post-thumbnail","6":"product_cat-224","7":"product_cat-eau-forte","8":"product_cat-france","9":"product_cat-moyen","10":"product_cat-paysage","11":"product_cat-techniques-mixtes","13":"first","14":"instock","15":"shipping-taxable","16":"purchasable","17":"product-type-simple"},"acf":[],"_links":{"self":[{"href":"https:\/\/welcome-prints.com\/en\/wp-json\/wp\/v2\/product\/6147","targetHints":{"allow":["GET"]}}],"collection":[{"href":"https:\/\/welcome-prints.com\/en\/wp-json\/wp\/v2\/product"}],"about":[{"href":"https:\/\/welcome-prints.com\/en\/wp-json\/wp\/v2\/types\/product"}],"wp:featuredmedia":[{"embeddable":true,"href":"https:\/\/welcome-prints.com\/en\/wp-json\/wp\/v2\/media\/6145"}],"wp:attachment":[{"href":"https:\/\/welcome-prints.com\/en\/wp-json\/wp\/v2\/media?parent=6147"}],"wp:term":[{"taxonomy":"product_brand","embeddable":true,"href":"https:\/\/welcome-prints.com\/en\/wp-json\/wp\/v2\/product_brand?post=6147"},{"taxonomy":"product_cat","embeddable":true,"href":"https:\/\/welcome-prints.com\/en\/wp-json\/wp\/v2\/product_cat?post=6147"},{"taxonomy":"product_tag","embeddable":true,"href":"https:\/\/welcome-prints.com\/en\/wp-json\/wp\/v2\/product_tag?post=6147"}],"curies":[{"name":"wp","href":"https:\/\/api.w.org\/{rel}","templated":true}]}}